{"id":3333,"date":"2025-12-01T13:31:29","date_gmt":"2025-12-01T13:31:29","guid":{"rendered":"https:\/\/xn--leaallomo-m6a.com\/?post_type=product&#038;p=3333"},"modified":"2025-12-03T09:15:09","modified_gmt":"2025-12-03T09:15:09","slug":"tabla-de-quesos","status":"publish","type":"product","link":"https:\/\/xn--leaallomo-m6a.com\/?product=tabla-de-quesos","title":{"rendered":"Tabla de quesos"},"content":{"rendered":"","protected":false},"excerpt":{"rendered":"<p>4 tipos de quesos (125g\/cada tipo): azul en hojas, madurado de oveja, semicurado mezcla y alem\u00e1n azul de vaca<\/p>\n<p>&nbsp;<\/p>\n<details open=\"open\">\n<summary><strong>Al\u00e9rgenos<\/strong><\/summary>\n<p style=\"text-align: left;\">Lactosa<\/p>\n<\/details>\n<details>\n<summary><strong>Ingredientes<\/strong><\/summary>\n<p class=\"p1\">Queso azul en hojas, queso madurado de oveja, queso semicurado mezcla y queso alem\u00e1n azul de vaca<\/p>\n<p class=\"p1\">Mermelada de albaricoque<\/p>\n<\/details>\n<details>\n<summary><strong>Modo de preparaci\u00f3n<\/strong><\/summary>\n<p>Abrir 15 minutos antes de consumir<\/p>\n<\/details>\n","protected":false},"featured_media":3334,"template":"","meta":[],"product_brand":[],"product_cat":[75,78],"product_tag":[],"class_list":{"0":"post-3333","1":"product","2":"type-product","3":"status-publish","4":"has-post-thumbnail","6":"product_cat-lena-en-tu-casa","7":"product_cat-aperitivos","9":"first","10":"instock","11":"taxable","12":"shipping-taxable","13":"purchasable","14":"product-type-simple"},"yoast_head":"<!-- This site is optimized with the Yoast SEO plugin v25.3 - https:\/\/yoast.com\/wordpress\/plugins\/seo\/ -->\n<title>Tabla de quesos - Le\u00f1a al Lomo<\/title>\n<meta name=\"robots\" content=\"index, follow, max-snippet:-1, max-image-preview:large, max-video-preview:-1\" \/>\n<link rel=\"canonical\" href=\"https:\/\/xn--leaallomo-m6a.com\/product\/tabla-de-quesos\/\" \/>\n<meta property=\"og:locale\" content=\"es_ES\" \/>\n<meta property=\"og:type\" content=\"article\" \/>\n<meta property=\"og:title\" content=\"Tabla de quesos - Le\u00f1a al Lomo\" \/>\n<meta property=\"og:description\" content=\"4 tipos de quesos (125g\/cada tipo): azul en hojas, madurado de oveja, semicurado mezcla y alem\u00e1n azul de vaca  &nbsp;  Al\u00e9rgenos Lactosa  Ingredientes Queso azul en hojas, queso madurado de oveja, queso semicurado mezcla y queso alem\u00e1n azul de vaca Mermelada de albaricoque  Modo de preparaci\u00f3nAbrir 15 minutos antes de consumir\" \/>\n<meta property=\"og:url\" content=\"https:\/\/xn--leaallomo-m6a.com\/product\/tabla-de-quesos\/\" \/>\n<meta property=\"og:site_name\" content=\"Le\u00f1a al Lomo\" \/>\n<meta property=\"article:modified_time\" content=\"2025-12-03T09:15:09+00:00\" \/>\n<meta property=\"og:image\" content=\"https:\/\/xn--leaallomo-m6a.com\/wp-content\/uploads\/2025\/12\/Lena-al-lomo-2.jpg\" \/>\n\t<meta property=\"og:image:width\" content=\"800\" \/>\n\t<meta property=\"og:image:height\" content=\"533\" \/>\n\t<meta property=\"og:image:type\" content=\"image\/jpeg\" \/>\n<meta name=\"twitter:card\" content=\"summary_large_image\" \/>\n<meta name=\"twitter:label1\" content=\"Tiempo de lectura\" \/>\n\t<meta name=\"twitter:data1\" content=\"1 minuto\" \/>\n<script type=\"application\/ld+json\" class=\"yoast-schema-graph\">{\"@context\":\"https:\/\/schema.org\",\"@graph\":[{\"@type\":\"WebPage\",\"@id\":\"https:\/\/xn--leaallomo-m6a.com\/product\/tabla-de-quesos\/\",\"url\":\"https:\/\/xn--leaallomo-m6a.com\/product\/tabla-de-quesos\/\",\"name\":\"Tabla de quesos - Le\u00f1a al Lomo\",\"isPartOf\":{\"@id\":\"https:\/\/xn--leaallomo-m6a.com\/#website\"},\"primaryImageOfPage\":{\"@id\":\"https:\/\/xn--leaallomo-m6a.com\/product\/tabla-de-quesos\/#primaryimage\"},\"image\":{\"@id\":\"https:\/\/xn--leaallomo-m6a.com\/product\/tabla-de-quesos\/#primaryimage\"},\"thumbnailUrl\":\"https:\/\/xn--leaallomo-m6a.com\/wp-content\/uploads\/2025\/12\/Lena-al-lomo-2.jpg\",\"datePublished\":\"2025-12-01T13:31:29+00:00\",\"dateModified\":\"2025-12-03T09:15:09+00:00\",\"breadcrumb\":{\"@id\":\"https:\/\/xn--leaallomo-m6a.com\/product\/tabla-de-quesos\/#breadcrumb\"},\"inLanguage\":\"es\",\"potentialAction\":[{\"@type\":\"ReadAction\",\"target\":[\"https:\/\/xn--leaallomo-m6a.com\/product\/tabla-de-quesos\/\"]}]},{\"@type\":\"ImageObject\",\"inLanguage\":\"es\",\"@id\":\"https:\/\/xn--leaallomo-m6a.com\/product\/tabla-de-quesos\/#primaryimage\",\"url\":\"https:\/\/xn--leaallomo-m6a.com\/wp-content\/uploads\/2025\/12\/Lena-al-lomo-2.jpg\",\"contentUrl\":\"https:\/\/xn--leaallomo-m6a.com\/wp-content\/uploads\/2025\/12\/Lena-al-lomo-2.jpg\",\"width\":800,\"height\":533},{\"@type\":\"BreadcrumbList\",\"@id\":\"https:\/\/xn--leaallomo-m6a.com\/product\/tabla-de-quesos\/#breadcrumb\",\"itemListElement\":[{\"@type\":\"ListItem\",\"position\":1,\"name\":\"Portada\",\"item\":\"https:\/\/xn--leaallomo-m6a.com\/\"},{\"@type\":\"ListItem\",\"position\":2,\"name\":\"Shop\",\"item\":\"https:\/\/xn--leaallomo-m6a.com\/?page_id=8\"},{\"@type\":\"ListItem\",\"position\":3,\"name\":\"Tabla de quesos\"}]},{\"@type\":\"WebSite\",\"@id\":\"https:\/\/xn--leaallomo-m6a.com\/#website\",\"url\":\"https:\/\/xn--leaallomo-m6a.com\/\",\"name\":\"Le\u00f1a al Lomo\",\"description\":\"\",\"potentialAction\":[{\"@type\":\"SearchAction\",\"target\":{\"@type\":\"EntryPoint\",\"urlTemplate\":\"https:\/\/xn--leaallomo-m6a.com\/?s={search_term_string}\"},\"query-input\":{\"@type\":\"PropertyValueSpecification\",\"valueRequired\":true,\"valueName\":\"search_term_string\"}}],\"inLanguage\":\"es\"}]}<\/script>\n<!-- \/ Yoast SEO plugin. -->","yoast_head_json":{"title":"Tabla de quesos - Le\u00f1a al Lomo","robots":{"index":"index","follow":"follow","max-snippet":"max-snippet:-1","max-image-preview":"max-image-preview:large","max-video-preview":"max-video-preview:-1"},"canonical":"https:\/\/xn--leaallomo-m6a.com\/product\/tabla-de-quesos\/","og_locale":"es_ES","og_type":"article","og_title":"Tabla de quesos - Le\u00f1a al Lomo","og_description":"4 tipos de quesos (125g\/cada tipo): azul en hojas, madurado de oveja, semicurado mezcla y alem\u00e1n azul de vaca  &nbsp;  Al\u00e9rgenos Lactosa  Ingredientes Queso azul en hojas, queso madurado de oveja, queso semicurado mezcla y queso alem\u00e1n azul de vaca Mermelada de albaricoque  Modo de preparaci\u00f3nAbrir 15 minutos antes de consumir","og_url":"https:\/\/xn--leaallomo-m6a.com\/product\/tabla-de-quesos\/","og_site_name":"Le\u00f1a al Lomo","article_modified_time":"2025-12-03T09:15:09+00:00","og_image":[{"width":800,"height":533,"url":"https:\/\/xn--leaallomo-m6a.com\/wp-content\/uploads\/2025\/12\/Lena-al-lomo-2.jpg","type":"image\/jpeg"}],"twitter_card":"summary_large_image","twitter_misc":{"Tiempo de lectura":"1 minuto"},"schema":{"@context":"https:\/\/schema.org","@graph":[{"@type":"WebPage","@id":"https:\/\/xn--leaallomo-m6a.com\/product\/tabla-de-quesos\/","url":"https:\/\/xn--leaallomo-m6a.com\/product\/tabla-de-quesos\/","name":"Tabla de quesos - Le\u00f1a al Lomo","isPartOf":{"@id":"https:\/\/xn--leaallomo-m6a.com\/#website"},"primaryImageOfPage":{"@id":"https:\/\/xn--leaallomo-m6a.com\/product\/tabla-de-quesos\/#primaryimage"},"image":{"@id":"https:\/\/xn--leaallomo-m6a.com\/product\/tabla-de-quesos\/#primaryimage"},"thumbnailUrl":"https:\/\/xn--leaallomo-m6a.com\/wp-content\/uploads\/2025\/12\/Lena-al-lomo-2.jpg","datePublished":"2025-12-01T13:31:29+00:00","dateModified":"2025-12-03T09:15:09+00:00","breadcrumb":{"@id":"https:\/\/xn--leaallomo-m6a.com\/product\/tabla-de-quesos\/#breadcrumb"},"inLanguage":"es","potentialAction":[{"@type":"ReadAction","target":["https:\/\/xn--leaallomo-m6a.com\/product\/tabla-de-quesos\/"]}]},{"@type":"ImageObject","inLanguage":"es","@id":"https:\/\/xn--leaallomo-m6a.com\/product\/tabla-de-quesos\/#primaryimage","url":"https:\/\/xn--leaallomo-m6a.com\/wp-content\/uploads\/2025\/12\/Lena-al-lomo-2.jpg","contentUrl":"https:\/\/xn--leaallomo-m6a.com\/wp-content\/uploads\/2025\/12\/Lena-al-lomo-2.jpg","width":800,"height":533},{"@type":"BreadcrumbList","@id":"https:\/\/xn--leaallomo-m6a.com\/product\/tabla-de-quesos\/#breadcrumb","itemListElement":[{"@type":"ListItem","position":1,"name":"Portada","item":"https:\/\/xn--leaallomo-m6a.com\/"},{"@type":"ListItem","position":2,"name":"Shop","item":"https:\/\/xn--leaallomo-m6a.com\/?page_id=8"},{"@type":"ListItem","position":3,"name":"Tabla de quesos"}]},{"@type":"WebSite","@id":"https:\/\/xn--leaallomo-m6a.com\/#website","url":"https:\/\/xn--leaallomo-m6a.com\/","name":"Le\u00f1a al Lomo","description":"","potentialAction":[{"@type":"SearchAction","target":{"@type":"EntryPoint","urlTemplate":"https:\/\/xn--leaallomo-m6a.com\/?s={search_term_string}"},"query-input":{"@type":"PropertyValueSpecification","valueRequired":true,"valueName":"search_term_string"}}],"inLanguage":"es"}]}},"_links":{"self":[{"href":"https:\/\/xn--leaallomo-m6a.com\/index.php?rest_route=\/wp\/v2\/product\/3333","targetHints":{"allow":["GET"]}}],"collection":[{"href":"https:\/\/xn--leaallomo-m6a.com\/index.php?rest_route=\/wp\/v2\/product"}],"about":[{"href":"https:\/\/xn--leaallomo-m6a.com\/index.php?rest_route=\/wp\/v2\/types\/product"}],"wp:featuredmedia":[{"embeddable":true,"href":"https:\/\/xn--leaallomo-m6a.com\/index.php?rest_route=\/wp\/v2\/media\/3334"}],"wp:attachment":[{"href":"https:\/\/xn--leaallomo-m6a.com\/index.php?rest_route=%2Fwp%2Fv2%2Fmedia&parent=3333"}],"wp:term":[{"taxonomy":"product_brand","embeddable":true,"href":"https:\/\/xn--leaallomo-m6a.com\/index.php?rest_route=%2Fwp%2Fv2%2Fproduct_brand&post=3333"},{"taxonomy":"product_cat","embeddable":true,"href":"https:\/\/xn--leaallomo-m6a.com\/index.php?rest_route=%2Fwp%2Fv2%2Fproduct_cat&post=3333"},{"taxonomy":"product_tag","embeddable":true,"href":"https:\/\/xn--leaallomo-m6a.com\/index.php?rest_route=%2Fwp%2Fv2%2Fproduct_tag&post=3333"}],"curies":[{"name":"wp","href":"https:\/\/api.w.org\/{rel}","templated":true}]}}