{"id":3432,"date":"2026-03-04T12:48:42","date_gmt":"2026-03-04T12:48:42","guid":{"rendered":"https:\/\/xn--leaallomo-m6a.com\/?page_id=3432"},"modified":"2026-03-04T12:55:21","modified_gmt":"2026-03-04T12:55:21","slug":"terminos-y-condiciones","status":"publish","type":"page","link":"https:\/\/xn--leaallomo-m6a.com\/?page_id=3432","title":{"rendered":"T\u00e9rminos y condiciones"},"content":{"rendered":"<div class=\"wpb-content-wrapper\"><p>[vc_row row_content_width=\u00bbgrid\u00bb center_bck_image=\u00bbno\u00bb bg_type=\u00bbbg_color\u00bb bg_override=\u00bbex-full\u00bb pattern_svg_path=\u00bb\u00bb css=\u00bb.vc_custom_1617952038672{padding-top: 20px !important;padding-bottom: 50px !important;}\u00bb][vc_column][vc_column_text css=\u00bb\u00bb]<\/p>\n<h2>T\u00e9rminos y Condiciones<\/h2>\n<p>[\/vc_column_text][vc_empty_space height=\u00bb30px\u00bb][vc_column_text css=\u00bb.vc_custom_1772627919029{margin-top: -15px !important;}\u00bb]<\/p>\n<p data-start=\"274\" data-end=\"620\"><strong data-start=\"274\" data-end=\"290\">Le\u00f1a al Lomo<\/strong>, con domicilio social en Calle Progreso 14 (El Provenir), 41013 Sevilla y CIF B90159948, es titular del sitio web <a class=\"decorated-link\" href=\"https:\/\/xn--leaallomo-m6a.com\/\" target=\"_new\" rel=\"noopener\" data-start=\"405\" data-end=\"469\">https:\/\/xn--leaallomo-m6a.com\/<\/a> y de la tienda online asociada, cuyos presentes T\u00e9rminos y Condiciones regulan la utilizaci\u00f3n del sitio y la compra de productos a trav\u00e9s del mismo.<\/p>\n<p data-start=\"622\" data-end=\"711\">Al acceder y utilizar nuestra tienda online, usted acepta estos t\u00e9rminos en su totalidad.<\/p>\n<p>[\/vc_column_text][vc_empty_space height=\u00bb20px\u00bb][vc_column_text css=\u00bb\u00bb]<\/p>\n<p style=\"text-align: left;\"><span style=\"font-size: 19pt; color: #c9ab81; font-weight: 500;\">1. Disponibilidad de los productos<\/span><\/p>\n<p data-start=\"756\" data-end=\"1102\">Todos los pedidos realizados a trav\u00e9s de nuestra tienda online est\u00e1n sujetos a la disponibilidad de los productos, indicada en la propia p\u00e1gina en la mayor\u00eda de los casos.<br data-start=\"927\" data-end=\"930\" \/>En caso de rotura de stock o cualquier dificultad para suministrar un pedido, <strong data-start=\"1008\" data-end=\"1024\">Le\u00f1a al Lomo<\/strong> se compromete a comunicarlo en un plazo m\u00e1ximo de 48 horas y podr\u00e1 ofrecer:<\/p>\n<ul>\n<li data-start=\"1106\" data-end=\"1161\">Informaci\u00f3n sobre disponibilidad futura del producto.<\/li>\n<li data-start=\"1164\" data-end=\"1234\">Propuesta de un producto alternativo de igual o mayor calidad y valor.<\/li>\n<\/ul>\n<p><strong>CAFEVALLE CARBONERA ANDALUZA S.L.<\/strong>\u00a0Se reserva el derecho a ampliar y modificar unilateralmente, en cualquier momento y sin previo aviso, la presentaci\u00f3n, configuraci\u00f3n y contenidos de la p\u00e1gina Web, as\u00ed como suspender temporalmente la presentaci\u00f3n, configuraci\u00f3n, especificaciones t\u00e9cnicas y servicios del sitio web, de la misma forma.[\/vc_column_text][vc_empty_space height=\u00bb20px\u00bb][vc_column_text css=\u00bb\u00bb]<\/p>\n<p style=\"text-align: left;\"><span style=\"font-size: 19pt; color: #c9ab81; font-weight: 500;\">2. Retirada de productos de la tienda online<\/span><\/p>\n<p data-start=\"756\" data-end=\"1102\">Nos reservamos el derecho de retirar cualquier producto de la tienda online en cualquier momento, as\u00ed como de modificar o eliminar cualquier contenido del sitio web.<br data-start=\"1454\" data-end=\"1457\" \/>No seremos responsables frente al cliente ni terceros por dichas acciones.<\/p>\n<p>[\/vc_column_text][vc_empty_space height=\u00bb20px\u00bb][vc_column_text css=\u00bb\u00bb]<\/p>\n<p style=\"text-align: left;\"><span style=\"font-size: 19pt; color: #c9ab81; font-weight: 500;\">3. Precios<\/span><\/p>\n<p data-start=\"756\" data-end=\"1102\">Los precios de los productos indicados en la tienda incluyen IVA, pero no incluyen gastos de env\u00edo.<br data-start=\"1651\" data-end=\"1654\" \/>Estos precios pueden cambiar en cualquier momento, sin que afecten a pedidos ya confirmados mediante correo de confirmaci\u00f3n de env\u00edo.<\/p>\n<p>[\/vc_column_text][vc_empty_space height=\u00bb20px\u00bb][vc_column_text css=\u00bb\u00bb]<\/p>\n<p style=\"text-align: left;\"><span style=\"font-size: 19pt; color: #c9ab81; font-weight: 500;\">4. Entrega y env\u00edos<\/span><\/p>\n<p data-start=\"756\" data-end=\"1102\">Una vez recibido el pedido, se enviar\u00e1 un correo electr\u00f3nico de confirmaci\u00f3n. Si no lo recibe, puede contactar con nuestro Departamento de Atenci\u00f3n al Cliente en <strong data-start=\"1979\" data-end=\"2006\"><a class=\"decorated-link cursor-pointer\" rel=\"noopener\" data-start=\"1981\" data-end=\"2004\">reservas@lenaallomo.com<\/a><\/strong>.<\/p>\n<p data-start=\"2497\" data-end=\"2690\">Si no se puede entregar el producto por causas imputables al comprador (ausencia, direcci\u00f3n incorrecta, etc.), nos pondremos en contacto para ofrecer instrucciones sobre la recogida del pedido.<\/p>\n<p>[\/vc_column_text][vc_empty_space height=\u00bb20px\u00bb][vc_column_text css=\u00bb\u00bb]<\/p>\n<p style=\"text-align: left;\"><span style=\"font-size: 19pt; color: #c9ab81; font-weight: 500;\">5. Legitimaci\u00f3n para el tratamiento de datos<\/span><\/p>\n<p data-start=\"2745\" data-end=\"2777\">Tratamos sus datos conforme a:<\/p>\n<ul>\n<li data-start=\"2781\" data-end=\"2836\">La prestaci\u00f3n de nuestros servicios de manera \u00f3ptima.<\/li>\n<li data-start=\"2839\" data-end=\"2922\">Nuestro inter\u00e9s leg\u00edtimo en mejorar los servicios y adaptarnos a sus necesidades.<\/li>\n<li data-start=\"2925\" data-end=\"2998\">Su consentimiento expreso cuando se autoriza el tratamiento de sus datos.<\/li>\n<\/ul>\n<p>[\/vc_column_text][vc_empty_space height=\u00bb20px\u00bb][vc_column_text css=\u00bb\u00bb]<\/p>\n<p style=\"text-align: left;\"><span style=\"font-size: 19pt; color: #c9ab81; font-weight: 500;\">6. Devoluciones<\/span><\/p>\n<p data-start=\"290\" data-end=\"502\">Por motivos de <strong data-start=\"305\" data-end=\"341\">seguridad alimentaria y frescura<\/strong>, <strong data-start=\"343\" data-end=\"403\">los productos de comida no se pueden cambiar ni devolver<\/strong>, excepto en los casos en que el producto llegue da\u00f1ado, en mal estado o diferente al solicitado.<\/p>\n<p data-start=\"505\" data-end=\"712\">Si recibe un pedido en <strong data-start=\"528\" data-end=\"555\">mal estado o incorrecto<\/strong>, deber\u00e1 notificarlo a <strong data-start=\"578\" data-end=\"605\"><a class=\"decorated-link cursor-pointer\" rel=\"noopener\" data-start=\"580\" data-end=\"603\">reservas@lenaallomo.com<\/a><\/strong> en un plazo m\u00e1ximo de <strong data-start=\"628\" data-end=\"657\">24 horas desde la entrega<\/strong>, adjuntando fotograf\u00edas del producto y del embalaje.<\/p>\n<p data-start=\"715\" data-end=\"756\">En estos casos, <strong data-start=\"731\" data-end=\"747\">Le\u00f1a al Lomo<\/strong> podr\u00e1:<\/p>\n<ul>\n<li data-start=\"761\" data-end=\"816\">Reemplazar el producto por uno igual o equivalente, o<\/li>\n<li data-start=\"821\" data-end=\"877\">Emitir un reembolso parcial o total seg\u00fan corresponda.<\/li>\n<\/ul>\n<p>Los gastos de env\u00edo de devoluciones solo se cubrir\u00e1n si el error es imputable a <strong data-start=\"960\" data-end=\"976\">Le\u00f1a al Lomo<\/strong>.[\/vc_column_text][vc_empty_space height=\u00bb20px\u00bb][vc_column_text css=\u00bb\u00bb]<\/p>\n<p style=\"text-align: left;\"><span style=\"font-size: 19pt; color: #c9ab81; font-weight: 500;\">7. Formas de pago<\/span><\/p>\n<p data-start=\"3590\" data-end=\"3809\">Aceptamos: tarjeta de cr\u00e9dito\/d\u00e9bito, Bizum, PayPal y transferencia bancaria.<br data-start=\"3667\" data-end=\"3670\" \/>Todas las operaciones cumplen con protocolos de seguridad y protecci\u00f3n de datos. El titular de la tarjeta es responsable de la transacci\u00f3n.<\/p>\n<p>[\/vc_column_text][vc_empty_space height=\u00bb20px\u00bb][vc_column_text css=\u00bb\u00bb]<\/p>\n<p style=\"text-align: left;\"><span style=\"font-size: 19pt; color: #c9ab81; font-weight: 500;\">8. Impuesto sobre el Valor A\u00f1adido (IVA)<\/span><\/p>\n<p data-start=\"3860\" data-end=\"3991\">Los precios incluyen IVA, salvo pedidos con destino a Canarias, Ceuta y Melilla, donde se aplicar\u00e1n los impuestos correspondientes.<\/p>\n<p>[\/vc_column_text][vc_empty_space height=\u00bb20px\u00bb][vc_column_text css=\u00bb\u00bb]<\/p>\n<p style=\"text-align: left;\"><span style=\"font-size: 19pt; color: #c9ab81; font-weight: 500;\">9. Transmisi\u00f3n del riesgo y propiedad<\/span><\/p>\n<ul>\n<li data-start=\"4041\" data-end=\"4107\">Los riesgos del producto son del cliente a partir de la entrega.<\/li>\n<li data-start=\"4110\" data-end=\"4229\">La propiedad del producto se adquiere tras recibir el pago completo o en el momento de la entrega si esta es posterior.<\/li>\n<\/ul>\n<p>[\/vc_column_text][vc_empty_space height=\u00bb20px\u00bb][vc_column_text css=\u00bb\u00bb]<\/p>\n<p style=\"text-align: left;\"><span style=\"font-size: 19pt; color: #c9ab81; font-weight: 500;\">10. Seguridad<\/span><\/p>\n<ul>\n<li data-start=\"4253\" data-end=\"4394\">El sitio web utiliza t\u00e9cnicas est\u00e1ndar de seguridad (firewalls, cifrado SSL, controles de acceso) para proteger la informaci\u00f3n del usuario.<\/li>\n<li data-start=\"4398\" data-end=\"4514\">Los datos de tarjeta no quedan almacenados en nuestra base de datos y se transmiten directamente al TPV del banco.<\/li>\n<li data-start=\"4517\" data-end=\"4600\">Compatible con Comercio Electr\u00f3nico Seguro (CES) para tarjetas VISA y MASTERCARD.<\/li>\n<li data-start=\"4603\" data-end=\"4655\">El fraude con tarjeta ser\u00e1 perseguido judicialmente.<\/li>\n<\/ul>\n<p>[\/vc_column_text][vc_empty_space height=\u00bb20px\u00bb][vc_column_text css=\u00bb\u00bb]<\/p>\n<p style=\"text-align: left;\"><span style=\"font-size: 19pt; color: #c9ab81; font-weight: 500;\">11. Comunicaciones por escrito<\/span><\/p>\n<p data-start=\"4696\" data-end=\"4860\">Las comunicaciones se consideran v\u00e1lidas mediante correo electr\u00f3nico o avisos en la tienda online, cumpliendo requisitos legales equivalentes a documentos escritos.<\/p>\n<p>[\/vc_column_text][vc_empty_space height=\u00bb20px\u00bb][vc_column_text css=\u00bb\u00bb]<\/p>\n<p style=\"text-align: left;\"><span style=\"font-size: 19pt; color: #c9ab81; font-weight: 500;\">12. Garant\u00eda de los productos<\/span><\/p>\n<p data-start=\"4900\" data-end=\"5044\">Se aplica la normativa de defensa de los consumidores y usuarios, conforme a los art\u00edculos 114 y siguientes del Real Decreto Legislativo 1\/2007.<\/p>\n<p>[\/vc_column_text][vc_empty_space height=\u00bb20px\u00bb][vc_column_text css=\u00bb\u00bb]<\/p>\n<p style=\"text-align: left;\"><span style=\"font-size: 19pt; color: #c9ab81; font-weight: 500;\">13. Modificaci\u00f3n de las condiciones<\/span><\/p>\n<p data-start=\"5090\" data-end=\"5243\">Nos reservamos el derecho de modificar estos t\u00e9rminos en cualquier momento. Cada pedido estar\u00e1 sujeto a los t\u00e9rminos vigentes en el momento de la compra.<\/p>\n<p>[\/vc_column_text][vc_empty_space height=\u00bb20px\u00bb][vc_column_text css=\u00bb\u00bb]<\/p>\n<p style=\"text-align: left;\"><span style=\"font-size: 19pt; color: #c9ab81; font-weight: 500;\">14. Edad m\u00ednima para comprar<\/span><\/p>\n<p data-start=\"5282\" data-end=\"5334\">La edad m\u00ednima para realizar compras es <strong data-start=\"5322\" data-end=\"5333\">18 a\u00f1os<\/strong>.<\/p>\n<p>[\/vc_column_text][\/vc_column][\/vc_row]<\/p>\n<\/div>","protected":false},"excerpt":{"rendered":"<p>[vc_row row_content_width=\u00bbgrid\u00bb center_bck_image=\u00bbno\u00bb bg_type=\u00bbbg_color\u00bb bg_override=\u00bbex-full\u00bb pattern_svg_path=\u00bb\u00bb css=\u00bb.vc_custom_1617952038672{padding-top: 20px !important;padding-bottom: 50px !important;}\u00bb][vc_column][vc_column_text css=\u00bb\u00bb] T\u00e9rminos y Condiciones [\/vc_column_text][vc_empty_space height=\u00bb30px\u00bb][vc_column_text css=\u00bb.vc_custom_1772627919029{margin-top: -15px !important;}\u00bb] Le\u00f1a al Lomo, con domicilio social en Calle Progreso 14 (El Provenir), 41013 Sevilla y CIF B90159948, es titular del sitio web https:\/\/xn--leaallomo-m6a.com\/ y de la tienda online asociada, cuyos presentes T\u00e9rminos y Condiciones regulan la utilizaci\u00f3n del sitio y [&hellip;]<\/p>\n","protected":false},"author":1,"featured_media":0,"parent":0,"menu_order":0,"comment_status":"closed","ping_status":"closed","template":"full-width.php","meta":{"footnotes":""},"class_list":["post-3432","page","type-page","status-publish","hentry"],"yoast_head":"<!-- This site is optimized with the Yoast SEO plugin v25.3 - https:\/\/yoast.com\/wordpress\/plugins\/seo\/ -->\n<title>T\u00e9rminos y condiciones - Le\u00f1a al Lomo<\/title>\n<meta name=\"robots\" content=\"index, follow, max-snippet:-1, max-image-preview:large, max-video-preview:-1\" \/>\n<link rel=\"canonical\" href=\"https:\/\/xn--leaallomo-m6a.com\/?page_id=3432\" \/>\n<meta property=\"og:locale\" content=\"es_ES\" \/>\n<meta property=\"og:type\" content=\"article\" \/>\n<meta property=\"og:title\" content=\"T\u00e9rminos y condiciones - Le\u00f1a al Lomo\" \/>\n<meta property=\"og:description\" content=\"[vc_row row_content_width=\u00bbgrid\u00bb center_bck_image=\u00bbno\u00bb bg_type=\u00bbbg_color\u00bb bg_override=\u00bbex-full\u00bb pattern_svg_path=\u00bb\u00bb css=\u00bb.vc_custom_1617952038672{padding-top: 20px !important;padding-bottom: 50px !important;}\u00bb][vc_column][vc_column_text css=\u00bb\u00bb] T\u00e9rminos y Condiciones [\/vc_column_text][vc_empty_space height=\u00bb30px\u00bb][vc_column_text css=\u00bb.vc_custom_1772627919029{margin-top: -15px !important;}\u00bb] Le\u00f1a al Lomo, con domicilio social en Calle Progreso 14 (El Provenir), 41013 Sevilla y CIF B90159948, es titular del sitio web https:\/\/xn--leaallomo-m6a.com\/ y de la tienda online asociada, cuyos presentes T\u00e9rminos y Condiciones regulan la utilizaci\u00f3n del sitio y [&hellip;]\" \/>\n<meta property=\"og:url\" content=\"https:\/\/xn--leaallomo-m6a.com\/?page_id=3432\" \/>\n<meta property=\"og:site_name\" content=\"Le\u00f1a al Lomo\" \/>\n<meta property=\"article:modified_time\" content=\"2026-03-04T12:55:21+00:00\" \/>\n<meta name=\"twitter:card\" content=\"summary_large_image\" \/>\n<meta name=\"twitter:label1\" content=\"Tiempo de lectura\" \/>\n\t<meta name=\"twitter:data1\" content=\"4 minutos\" \/>\n<script type=\"application\/ld+json\" class=\"yoast-schema-graph\">{\"@context\":\"https:\/\/schema.org\",\"@graph\":[{\"@type\":\"WebPage\",\"@id\":\"https:\/\/xn--leaallomo-m6a.com\/?page_id=3432\",\"url\":\"https:\/\/xn--leaallomo-m6a.com\/?page_id=3432\",\"name\":\"T\u00e9rminos y condiciones - Le\u00f1a al Lomo\",\"isPartOf\":{\"@id\":\"https:\/\/xn--leaallomo-m6a.com\/#website\"},\"datePublished\":\"2026-03-04T12:48:42+00:00\",\"dateModified\":\"2026-03-04T12:55:21+00:00\",\"breadcrumb\":{\"@id\":\"https:\/\/xn--leaallomo-m6a.com\/?page_id=3432#breadcrumb\"},\"inLanguage\":\"es\",\"potentialAction\":[{\"@type\":\"ReadAction\",\"target\":[\"https:\/\/xn--leaallomo-m6a.com\/?page_id=3432\"]}]},{\"@type\":\"BreadcrumbList\",\"@id\":\"https:\/\/xn--leaallomo-m6a.com\/?page_id=3432#breadcrumb\",\"itemListElement\":[{\"@type\":\"ListItem\",\"position\":1,\"name\":\"Portada\",\"item\":\"https:\/\/xn--leaallomo-m6a.com\/\"},{\"@type\":\"ListItem\",\"position\":2,\"name\":\"T\u00e9rminos y condiciones\"}]},{\"@type\":\"WebSite\",\"@id\":\"https:\/\/xn--leaallomo-m6a.com\/#website\",\"url\":\"https:\/\/xn--leaallomo-m6a.com\/\",\"name\":\"Le\u00f1a al Lomo\",\"description\":\"\",\"potentialAction\":[{\"@type\":\"SearchAction\",\"target\":{\"@type\":\"EntryPoint\",\"urlTemplate\":\"https:\/\/xn--leaallomo-m6a.com\/?s={search_term_string}\"},\"query-input\":{\"@type\":\"PropertyValueSpecification\",\"valueRequired\":true,\"valueName\":\"search_term_string\"}}],\"inLanguage\":\"es\"}]}<\/script>\n<!-- \/ Yoast SEO plugin. -->","yoast_head_json":{"title":"T\u00e9rminos y condiciones - Le\u00f1a al Lomo","robots":{"index":"index","follow":"follow","max-snippet":"max-snippet:-1","max-image-preview":"max-image-preview:large","max-video-preview":"max-video-preview:-1"},"canonical":"https:\/\/xn--leaallomo-m6a.com\/?page_id=3432","og_locale":"es_ES","og_type":"article","og_title":"T\u00e9rminos y condiciones - Le\u00f1a al Lomo","og_description":"[vc_row row_content_width=\u00bbgrid\u00bb center_bck_image=\u00bbno\u00bb bg_type=\u00bbbg_color\u00bb bg_override=\u00bbex-full\u00bb pattern_svg_path=\u00bb\u00bb css=\u00bb.vc_custom_1617952038672{padding-top: 20px !important;padding-bottom: 50px !important;}\u00bb][vc_column][vc_column_text css=\u00bb\u00bb] T\u00e9rminos y Condiciones [\/vc_column_text][vc_empty_space height=\u00bb30px\u00bb][vc_column_text css=\u00bb.vc_custom_1772627919029{margin-top: -15px !important;}\u00bb] Le\u00f1a al Lomo, con domicilio social en Calle Progreso 14 (El Provenir), 41013 Sevilla y CIF B90159948, es titular del sitio web https:\/\/xn--leaallomo-m6a.com\/ y de la tienda online asociada, cuyos presentes T\u00e9rminos y Condiciones regulan la utilizaci\u00f3n del sitio y [&hellip;]","og_url":"https:\/\/xn--leaallomo-m6a.com\/?page_id=3432","og_site_name":"Le\u00f1a al Lomo","article_modified_time":"2026-03-04T12:55:21+00:00","twitter_card":"summary_large_image","twitter_misc":{"Tiempo de lectura":"4 minutos"},"schema":{"@context":"https:\/\/schema.org","@graph":[{"@type":"WebPage","@id":"https:\/\/xn--leaallomo-m6a.com\/?page_id=3432","url":"https:\/\/xn--leaallomo-m6a.com\/?page_id=3432","name":"T\u00e9rminos y condiciones - Le\u00f1a al Lomo","isPartOf":{"@id":"https:\/\/xn--leaallomo-m6a.com\/#website"},"datePublished":"2026-03-04T12:48:42+00:00","dateModified":"2026-03-04T12:55:21+00:00","breadcrumb":{"@id":"https:\/\/xn--leaallomo-m6a.com\/?page_id=3432#breadcrumb"},"inLanguage":"es","potentialAction":[{"@type":"ReadAction","target":["https:\/\/xn--leaallomo-m6a.com\/?page_id=3432"]}]},{"@type":"BreadcrumbList","@id":"https:\/\/xn--leaallomo-m6a.com\/?page_id=3432#breadcrumb","itemListElement":[{"@type":"ListItem","position":1,"name":"Portada","item":"https:\/\/xn--leaallomo-m6a.com\/"},{"@type":"ListItem","position":2,"name":"T\u00e9rminos y condiciones"}]},{"@type":"WebSite","@id":"https:\/\/xn--leaallomo-m6a.com\/#website","url":"https:\/\/xn--leaallomo-m6a.com\/","name":"Le\u00f1a al Lomo","description":"","potentialAction":[{"@type":"SearchAction","target":{"@type":"EntryPoint","urlTemplate":"https:\/\/xn--leaallomo-m6a.com\/?s={search_term_string}"},"query-input":{"@type":"PropertyValueSpecification","valueRequired":true,"valueName":"search_term_string"}}],"inLanguage":"es"}]}},"_links":{"self":[{"href":"https:\/\/xn--leaallomo-m6a.com\/index.php?rest_route=\/wp\/v2\/pages\/3432","targetHints":{"allow":["GET"]}}],"collection":[{"href":"https:\/\/xn--leaallomo-m6a.com\/index.php?rest_route=\/wp\/v2\/pages"}],"about":[{"href":"https:\/\/xn--leaallomo-m6a.com\/index.php?rest_route=\/wp\/v2\/types\/page"}],"author":[{"embeddable":true,"href":"https:\/\/xn--leaallomo-m6a.com\/index.php?rest_route=\/wp\/v2\/users\/1"}],"replies":[{"embeddable":true,"href":"https:\/\/xn--leaallomo-m6a.com\/index.php?rest_route=%2Fwp%2Fv2%2Fcomments&post=3432"}],"version-history":[{"count":9,"href":"https:\/\/xn--leaallomo-m6a.com\/index.php?rest_route=\/wp\/v2\/pages\/3432\/revisions"}],"predecessor-version":[{"id":3441,"href":"https:\/\/xn--leaallomo-m6a.com\/index.php?rest_route=\/wp\/v2\/pages\/3432\/revisions\/3441"}],"wp:attachment":[{"href":"https:\/\/xn--leaallomo-m6a.com\/index.php?rest_route=%2Fwp%2Fv2%2Fmedia&parent=3432"}],"curies":[{"name":"wp","href":"https:\/\/api.w.org\/{rel}","templated":true}]}}