{"id":2962,"date":"2021-04-09T07:15:52","date_gmt":"2021-04-09T07:15:52","guid":{"rendered":"https:\/\/xn--leaallomo-m6a.com\/prueba\/?page_id=2962"},"modified":"2021-04-09T07:17:43","modified_gmt":"2021-04-09T07:17:43","slug":"politica-de-cookies","status":"publish","type":"page","link":"https:\/\/xn--leaallomo-m6a.com\/?page_id=2962","title":{"rendered":"Pol\u00edtica de cookies"},"content":{"rendered":"<div class=\"wpb-content-wrapper\"><p>[vc_row row_content_width=\u00bbgrid\u00bb center_bck_image=\u00bbno\u00bb use_row_as_full_screen_section=\u00bbno\u00bb type=\u00bbfull_width\u00bb text_align=\u00bbleft\u00bb padding_top=\u00bb62&#8243; css=\u00bb.vc_custom_1617952580510{padding-top: 40px !important;padding-bottom: 50px !important;}\u00bb pattern_svg_path=\u00bb\u00bb][vc_column][vc_column_text]<\/p>\n<h3 style=\"font-size: 22pt;\">\u00bfQu\u00e9 son las cookies?<\/h3>\n<p>[\/vc_column_text][vc_empty_space height=\u00bb30px\u00bb][vc_column_text css=\u00bb.vc_custom_1553958031461{margin-top: -15px !important;}\u00bb]Cookie\u00a0es un fichero que se descarga en su ordenador al acceder a determinadas p\u00e1ginas web. Las cookies permiten a una p\u00e1gina web, entre otras cosas, almacenar y recuperar informaci\u00f3n sobre los h\u00e1bitos de navegaci\u00f3n de un usuario o de su equipo y, dependiendo de la informaci\u00f3n que contengan y de la forma en que utilice su equipo, pueden utilizarse para reconocer al usuario.<\/p>\n<p>El navegador del usuario memoriza cookies en el disco duro solamente durante la sesi\u00f3n actual ocupando un espacio de memoria m\u00ednimo y no perjudicando al ordenador. Las cookies no contienen ninguna clase de informaci\u00f3n personal espec\u00edfica, y la mayor\u00eda de las mismas se borran del disco duro al finalizar la sesi\u00f3n de navegador (las denominadas cookies de sesi\u00f3n).<\/p>\n<p>La mayor\u00eda de los navegadores aceptan como est\u00e1ndar a las cookies y, con independencia de las mismas, permiten o impiden en los ajustes de seguridad las cookies temporales o memorizadas.<\/p>\n<p>Sin su expreso consentimiento \u2013mediante la activaci\u00f3n de las cookies en su navegador haciendatorrequemada.com no enlazar\u00e1 en las cookies los datos memorizados con sus datos personales proporcionados en el momento del registro o la compra.[\/vc_column_text][vc_empty_space height=\u00bb30px\u00bb][vc_column_text]<\/p>\n<h3 style=\"font-size: 19pt;\">\u00bfQu\u00e9 tipos de cookies utiliza esta p\u00e1gina web?<\/h3>\n<p>[\/vc_column_text][vc_empty_space height=\u00bb30px\u00bb][vc_column_text css=\u00bb.vc_custom_1564853874194{margin-top: -15px !important;}\u00bb]<i class=\"fa fa-long-arrow-right verde\" aria-hidden=\"true\"><\/i> Cookies\u00a0t\u00e9cnicas: Son aqu\u00e9llas que permiten al usuario la navegaci\u00f3n a trav\u00e9s de una p\u00e1gina web, plataforma o aplicaci\u00f3n y la utilizaci\u00f3n de las diferentes opciones o servicios que en ella existan como, por ejemplo, controlar el tr\u00e1fico y la comunicaci\u00f3n de datos, identificar la sesi\u00f3n, acceder a partes de acceso restringido, recordar los elementos que integran un pedido, realizar el proceso de compra de un pedido, realizar la solicitud de inscripci\u00f3n o participaci\u00f3n en un evento, utilizar elementos de seguridad durante la navegaci\u00f3n, almacenar contenidos para la difusi\u00f3n de videos o sonido o compartir contenidos a trav\u00e9s de redes sociales.<\/p>\n<p><i class=\"fa fa-long-arrow-right verde\" aria-hidden=\"true\"><\/i> Cookies\u00a0de personalizaci\u00f3n: Son aqu\u00e9llas que permiten al usuario acceder al servicio con algunas caracter\u00edsticas de car\u00e1cter general predefinidas en funci\u00f3n de una serie de criterios en el terminal del usuario como por ejemplo serian el idioma, el tipo de navegador a trav\u00e9s del cual accede al servicio, la configuraci\u00f3n regional desde donde accede al servicio, etc.<\/p>\n<p><i class=\"fa fa-long-arrow-right verde\" aria-hidden=\"true\"><\/i> Cookies de an\u00e1lisis: Son aqu\u00e9llas que bien tratadas por nosotros o por terceros, nos permiten cuantificar el n\u00famero de usuarios y as\u00ed realizar la medici\u00f3n y an\u00e1lisis estad\u00edstico de la utilizaci\u00f3n que hacen los usuarios del servicio ofertado. Para ello se analiza su navegaci\u00f3n en nuestra p\u00e1gina web con el fin de mejorar la oferta de productos o servicios que le ofrecemos.<\/p>\n<p><i class=\"fa fa-long-arrow-right verde\" aria-hidden=\"true\"><\/i> Cookies publicitarias: Son aqu\u00e9llas que, bien tratadas por nosotros o por terceros, nos permiten gestionar de la forma m\u00e1s eficaz posible la oferta de los espacios publicitarios que hay en la p\u00e1gina web, adecuando el contenido del anuncio al contenido del servicio solicitado o al uso que realice de nuestra p\u00e1gina web. Para ello podemos analizar sus h\u00e1bitos de navegaci\u00f3n en Internet y podemos mostrarle publicidad relacionada con su perfil de navegaci\u00f3n.<\/p>\n<p><i class=\"fa fa-long-arrow-right verde\" aria-hidden=\"true\"><\/i> Cookies de\u00a0publicidad comportamental: Son aqu\u00e9llas que permiten la gesti\u00f3n, de la forma m\u00e1s eficaz posible, de los espacios publicitarios que, en su caso, el editor haya incluido en una p\u00e1gina web, aplicaci\u00f3n o plataforma desde la que presta el servicio solicitado. Estas cookies almacenan informaci\u00f3n del comportamiento de los usuarios obtenida a trav\u00e9s de la observaci\u00f3n continuada de sus h\u00e1bitos de navegaci\u00f3n, lo que permite desarrollar un perfil espec\u00edfico para mostrar publicidad en funci\u00f3n del mismo.<\/p>\n<p>Cookies de terceros: El Sitio Web puede utilizar\u00a0servicios de terceros que recopilaran informaci\u00f3n con fines estad\u00edsticos, de uso del Site por parte del usuario y para la prestaci\u00f3n de otros servicios relacionados con la actividad del Website y otros servicios de Internet.[\/vc_column_text][vc_empty_space height=\u00bb30px\u00bb][vc_column_text]<\/p>\n<h3 style=\"font-size: 19pt;\">En particular, este sitio web utiliza<\/h3>\n<p>[\/vc_column_text][vc_empty_space height=\u00bb30px\u00bb][vc_column_text css=\u00bb.vc_custom_1553958133652{margin-top: -15px !important;}\u00bb]Google Analytics, un servicio anal\u00edtico de web prestado por Google, Inc. con domicilio en los Estados Unidos con sede central en 1600 Amphitheatre Parkway, Mountain View, California 94043.\u00a0 Para la prestaci\u00f3n de estos servicios, estos\u00a0utilizan cookies que recopilan la informaci\u00f3n, incluida la direcci\u00f3n IP del usuario, que ser\u00e1\u00a0transmitida, tratada y almacenada por\u00a0Google\u00a0en los t\u00e9rminos fijados en la Web Google.com. Incluyendo la posible\u00a0transmisi\u00f3n de dicha informaci\u00f3n a terceros por razones de exigencia legal o cuando dichos terceros\u00a0procesen la informaci\u00f3n por cuenta de Google.<\/p>\n<p>(En este punto la AGPD sugiere incluir cada una de las cookies de terceros utilizadas y los datos de dichos terceros. Por evidentes razones en este modelo s\u00f3lo se ha incluido la Google en el uso de Analytics por ser la m\u00e1s extendida y com\u00fan.<\/p>\n<p>Tambi\u00e9n se debe indicar las de la plataforma de la Web, de las redes sociales, las de remarketing y de afiliados)[\/vc_column_text][vc_empty_space height=\u00bb50px\u00bb][vc_column_text css=\u00bb.vc_custom_1553958162024{margin-top: -15px !important;}\u00bb]<\/p>\n<table width=\"566\">\n<tbody>\n<tr>\n<td width=\"170\">NOMBRE<\/td>\n<td width=\"150\">DURACI\u00d3N PREDETERMINADA<\/td>\n<td width=\"246\">FINALIDAD Y DOMINIO<\/td>\n<\/tr>\n<tr>\n<td width=\"170\">__ut__utma, __utmb, __utmc, __utmz<\/td>\n<td width=\"150\">2 a\u00f1os a partir de la configuraci\u00f3n o actualizaci\u00f3n<\/td>\n<td width=\"246\">Google Analytics ,Permite analizar el tr\u00e1fico de la web y obtener estad\u00edsticas de navegaci\u00f3n.\u00a0<a href=\"http:\/\/www.google.com\/analytics\/\">M\u00e1s informaci\u00f3n<\/a>.<\/td>\n<\/tr>\n<tr>\n<td width=\"170\">Cookie: __qca<\/td>\n<td width=\"150\">2 a\u00f1os a partir de la configuraci\u00f3n o actualizaci\u00f3n<\/td>\n<td width=\"246\">WordPress:\u00a0Permite analizar el tr\u00e1fico de la web \u00a0y a todos sus usuarios le instala inevitablemente una\u00a0cookie\u00a0de estad\u00edsticas que rastrea y almacena su IP en una empresa estadounidense (Automaticc) a trav\u00e9s de un tercero (Quantcast) la suya es una cookie generalmente asociada a Quantcast, Proporcionan el ranking de sitios web, y los datos que recogen tambi\u00e9n se utiliza para la segmentaci\u00f3n de la audiencia.<\/td>\n<\/tr>\n<tr>\n<td width=\"170\">wordpress_test_cookie<\/td>\n<td width=\"150\">Caduca al finalizar la sesi\u00f3n.<\/td>\n<td width=\"246\">Se usa para que el gestor de contenidos WordPress compruebe si el navegador tiene las cookies activadas. Es una cookie de tercero: WordPress.\u00a0<a href=\"http:\/\/automattic.com\/privacy\/\">M\u00e1s informaci\u00f3n<\/a>.<\/td>\n<\/tr>\n<\/tbody>\n<\/table>\n<p>[\/vc_column_text][vc_empty_space height=\u00bb30px\u00bb][vc_column_text]<\/p>\n<h3 style=\"font-size: 19pt;\">Desactivar las cookies<\/h3>\n<p>[\/vc_column_text][vc_empty_space height=\u00bb30px\u00bb][vc_column_text css=\u00bb.vc_custom_1617952661567{margin-top: -15px !important;}\u00bb]Puede usted permitir, bloquear o eliminar las cookies instaladas en su equipo mediante la configuraci\u00f3n de las opciones del navegador instalado en su ordenador.<\/p>\n<p>A continuaci\u00f3n puede acceder a la configuraci\u00f3n de los navegadores webs m\u00e1s frecuentes para aceptar, instalar o desactivar las cookies:<\/p>\n<p><i class=\"fa fa-long-arrow-right verde\" aria-hidden=\"true\"><\/i> <a href=\"http:\/\/support.google.com\/chrome\/bin\/answer.py?hl=es&amp;answer=95647\">Chrome<\/a><\/p>\n<p><i class=\"fa fa-long-arrow-right verde\" aria-hidden=\"true\"><\/i> <a href=\"http:\/\/windows.microsoft.com\/es-es\/windows7\/how-to-manage-cookies-in-internet-explorer-9\">Explorer<\/a><\/p>\n<p><i class=\"fa fa-long-arrow-right verde\" aria-hidden=\"true\"><\/i> <a href=\"http:\/\/support.mozilla.org\/es\/kb\/habilitar-y-deshabilitar-cookies-que-los-sitios-we\">Firefox<\/a><\/p>\n<p><i class=\"fa fa-long-arrow-right verde\" aria-hidden=\"true\"><\/i> <a href=\"http:\/\/support.apple.com\/kb\/ph5042\">Safari<\/a><\/p>\n<p>Al desactivar a eliminar las cookies, parte del Sitio Web no funcionar\u00e1 o la calidad de la p\u00e1gina web puede verse afectada.<\/p>\n<p>Si tiene dudas sobre esta pol\u00edtica de cookies, puede contactar con Le\u00f1a al Lomo en <a href=\"mailto:reservas@lenaallomo.com\">reservas@lenaallomo.com<\/a>[\/vc_column_text][\/vc_column][\/vc_row]<\/p>\n<\/div>","protected":false},"excerpt":{"rendered":"<p>[vc_row row_content_width=\u00bbgrid\u00bb center_bck_image=\u00bbno\u00bb use_row_as_full_screen_section=\u00bbno\u00bb type=\u00bbfull_width\u00bb text_align=\u00bbleft\u00bb padding_top=\u00bb62&#8243; css=\u00bb.vc_custom_1617952580510{padding-top: 40px !important;padding-bottom: 50px !important;}\u00bb pattern_svg_path=\u00bb\u00bb][vc_column][vc_column_text] \u00bfQu\u00e9 son las cookies? [\/vc_column_text][vc_empty_space height=\u00bb30px\u00bb][vc_column_text css=\u00bb.vc_custom_1553958031461{margin-top: -15px !important;}\u00bb]Cookie\u00a0es un fichero que se descarga en su ordenador al acceder a determinadas p\u00e1ginas web. Las cookies permiten a una p\u00e1gina web, entre otras cosas, almacenar y recuperar informaci\u00f3n sobre los h\u00e1bitos de navegaci\u00f3n de un usuario o de [&hellip;]<\/p>\n","protected":false},"author":1,"featured_media":0,"parent":0,"menu_order":0,"comment_status":"closed","ping_status":"closed","template":"full-width.php","meta":{"footnotes":""},"class_list":["post-2962","page","type-page","status-publish","hentry"],"yoast_head":"<!-- This site is optimized with the Yoast SEO plugin v25.3 - https:\/\/yoast.com\/wordpress\/plugins\/seo\/ -->\n<title>Pol\u00edtica de cookies - Le\u00f1a al Lomo<\/title>\n<meta name=\"robots\" content=\"index, follow, max-snippet:-1, max-image-preview:large, max-video-preview:-1\" \/>\n<link rel=\"canonical\" href=\"https:\/\/xn--leaallomo-m6a.com\/?page_id=2962\" \/>\n<meta property=\"og:locale\" content=\"es_ES\" \/>\n<meta property=\"og:type\" content=\"article\" \/>\n<meta property=\"og:title\" content=\"Pol\u00edtica de cookies - Le\u00f1a al Lomo\" \/>\n<meta property=\"og:description\" content=\"[vc_row row_content_width=\u00bbgrid\u00bb center_bck_image=\u00bbno\u00bb use_row_as_full_screen_section=\u00bbno\u00bb type=\u00bbfull_width\u00bb text_align=\u00bbleft\u00bb padding_top=\u00bb62&#8243; css=\u00bb.vc_custom_1617952580510{padding-top: 40px !important;padding-bottom: 50px !important;}\u00bb pattern_svg_path=\u00bb\u00bb][vc_column][vc_column_text] \u00bfQu\u00e9 son las cookies? [\/vc_column_text][vc_empty_space height=\u00bb30px\u00bb][vc_column_text css=\u00bb.vc_custom_1553958031461{margin-top: -15px !important;}\u00bb]Cookie\u00a0es un fichero que se descarga en su ordenador al acceder a determinadas p\u00e1ginas web. Las cookies permiten a una p\u00e1gina web, entre otras cosas, almacenar y recuperar informaci\u00f3n sobre los h\u00e1bitos de navegaci\u00f3n de un usuario o de [&hellip;]\" \/>\n<meta property=\"og:url\" content=\"https:\/\/xn--leaallomo-m6a.com\/?page_id=2962\" \/>\n<meta property=\"og:site_name\" content=\"Le\u00f1a al Lomo\" \/>\n<meta property=\"article:modified_time\" content=\"2021-04-09T07:17:43+00:00\" \/>\n<meta name=\"twitter:card\" content=\"summary_large_image\" \/>\n<meta name=\"twitter:label1\" content=\"Tiempo de lectura\" \/>\n\t<meta name=\"twitter:data1\" content=\"6 minutos\" \/>\n<script type=\"application\/ld+json\" class=\"yoast-schema-graph\">{\"@context\":\"https:\/\/schema.org\",\"@graph\":[{\"@type\":\"WebPage\",\"@id\":\"https:\/\/xn--leaallomo-m6a.com\/?page_id=2962\",\"url\":\"https:\/\/xn--leaallomo-m6a.com\/?page_id=2962\",\"name\":\"Pol\u00edtica de cookies - Le\u00f1a al Lomo\",\"isPartOf\":{\"@id\":\"https:\/\/xn--leaallomo-m6a.com\/#website\"},\"datePublished\":\"2021-04-09T07:15:52+00:00\",\"dateModified\":\"2021-04-09T07:17:43+00:00\",\"breadcrumb\":{\"@id\":\"https:\/\/xn--leaallomo-m6a.com\/?page_id=2962#breadcrumb\"},\"inLanguage\":\"es\",\"potentialAction\":[{\"@type\":\"ReadAction\",\"target\":[\"https:\/\/xn--leaallomo-m6a.com\/?page_id=2962\"]}]},{\"@type\":\"BreadcrumbList\",\"@id\":\"https:\/\/xn--leaallomo-m6a.com\/?page_id=2962#breadcrumb\",\"itemListElement\":[{\"@type\":\"ListItem\",\"position\":1,\"name\":\"Portada\",\"item\":\"https:\/\/xn--leaallomo-m6a.com\/\"},{\"@type\":\"ListItem\",\"position\":2,\"name\":\"Pol\u00edtica de cookies\"}]},{\"@type\":\"WebSite\",\"@id\":\"https:\/\/xn--leaallomo-m6a.com\/#website\",\"url\":\"https:\/\/xn--leaallomo-m6a.com\/\",\"name\":\"Le\u00f1a al Lomo\",\"description\":\"\",\"potentialAction\":[{\"@type\":\"SearchAction\",\"target\":{\"@type\":\"EntryPoint\",\"urlTemplate\":\"https:\/\/xn--leaallomo-m6a.com\/?s={search_term_string}\"},\"query-input\":{\"@type\":\"PropertyValueSpecification\",\"valueRequired\":true,\"valueName\":\"search_term_string\"}}],\"inLanguage\":\"es\"}]}<\/script>\n<!-- \/ Yoast SEO plugin. -->","yoast_head_json":{"title":"Pol\u00edtica de cookies - Le\u00f1a al Lomo","robots":{"index":"index","follow":"follow","max-snippet":"max-snippet:-1","max-image-preview":"max-image-preview:large","max-video-preview":"max-video-preview:-1"},"canonical":"https:\/\/xn--leaallomo-m6a.com\/?page_id=2962","og_locale":"es_ES","og_type":"article","og_title":"Pol\u00edtica de cookies - Le\u00f1a al Lomo","og_description":"[vc_row row_content_width=\u00bbgrid\u00bb center_bck_image=\u00bbno\u00bb use_row_as_full_screen_section=\u00bbno\u00bb type=\u00bbfull_width\u00bb text_align=\u00bbleft\u00bb padding_top=\u00bb62&#8243; css=\u00bb.vc_custom_1617952580510{padding-top: 40px !important;padding-bottom: 50px !important;}\u00bb pattern_svg_path=\u00bb\u00bb][vc_column][vc_column_text] \u00bfQu\u00e9 son las cookies? [\/vc_column_text][vc_empty_space height=\u00bb30px\u00bb][vc_column_text css=\u00bb.vc_custom_1553958031461{margin-top: -15px !important;}\u00bb]Cookie\u00a0es un fichero que se descarga en su ordenador al acceder a determinadas p\u00e1ginas web. Las cookies permiten a una p\u00e1gina web, entre otras cosas, almacenar y recuperar informaci\u00f3n sobre los h\u00e1bitos de navegaci\u00f3n de un usuario o de [&hellip;]","og_url":"https:\/\/xn--leaallomo-m6a.com\/?page_id=2962","og_site_name":"Le\u00f1a al Lomo","article_modified_time":"2021-04-09T07:17:43+00:00","twitter_card":"summary_large_image","twitter_misc":{"Tiempo de lectura":"6 minutos"},"schema":{"@context":"https:\/\/schema.org","@graph":[{"@type":"WebPage","@id":"https:\/\/xn--leaallomo-m6a.com\/?page_id=2962","url":"https:\/\/xn--leaallomo-m6a.com\/?page_id=2962","name":"Pol\u00edtica de cookies - Le\u00f1a al Lomo","isPartOf":{"@id":"https:\/\/xn--leaallomo-m6a.com\/#website"},"datePublished":"2021-04-09T07:15:52+00:00","dateModified":"2021-04-09T07:17:43+00:00","breadcrumb":{"@id":"https:\/\/xn--leaallomo-m6a.com\/?page_id=2962#breadcrumb"},"inLanguage":"es","potentialAction":[{"@type":"ReadAction","target":["https:\/\/xn--leaallomo-m6a.com\/?page_id=2962"]}]},{"@type":"BreadcrumbList","@id":"https:\/\/xn--leaallomo-m6a.com\/?page_id=2962#breadcrumb","itemListElement":[{"@type":"ListItem","position":1,"name":"Portada","item":"https:\/\/xn--leaallomo-m6a.com\/"},{"@type":"ListItem","position":2,"name":"Pol\u00edtica de cookies"}]},{"@type":"WebSite","@id":"https:\/\/xn--leaallomo-m6a.com\/#website","url":"https:\/\/xn--leaallomo-m6a.com\/","name":"Le\u00f1a al Lomo","description":"","potentialAction":[{"@type":"SearchAction","target":{"@type":"EntryPoint","urlTemplate":"https:\/\/xn--leaallomo-m6a.com\/?s={search_term_string}"},"query-input":{"@type":"PropertyValueSpecification","valueRequired":true,"valueName":"search_term_string"}}],"inLanguage":"es"}]}},"_links":{"self":[{"href":"https:\/\/xn--leaallomo-m6a.com\/index.php?rest_route=\/wp\/v2\/pages\/2962","targetHints":{"allow":["GET"]}}],"collection":[{"href":"https:\/\/xn--leaallomo-m6a.com\/index.php?rest_route=\/wp\/v2\/pages"}],"about":[{"href":"https:\/\/xn--leaallomo-m6a.com\/index.php?rest_route=\/wp\/v2\/types\/page"}],"author":[{"embeddable":true,"href":"https:\/\/xn--leaallomo-m6a.com\/index.php?rest_route=\/wp\/v2\/users\/1"}],"replies":[{"embeddable":true,"href":"https:\/\/xn--leaallomo-m6a.com\/index.php?rest_route=%2Fwp%2Fv2%2Fcomments&post=2962"}],"version-history":[{"count":3,"href":"https:\/\/xn--leaallomo-m6a.com\/index.php?rest_route=\/wp\/v2\/pages\/2962\/revisions"}],"predecessor-version":[{"id":2968,"href":"https:\/\/xn--leaallomo-m6a.com\/index.php?rest_route=\/wp\/v2\/pages\/2962\/revisions\/2968"}],"wp:attachment":[{"href":"https:\/\/xn--leaallomo-m6a.com\/index.php?rest_route=%2Fwp%2Fv2%2Fmedia&parent=2962"}],"curies":[{"name":"wp","href":"https:\/\/api.w.org\/{rel}","templated":true}]}}