{"id":2947,"date":"2021-04-09T07:04:02","date_gmt":"2021-04-09T07:04:02","guid":{"rendered":"https:\/\/xn--leaallomo-m6a.com\/prueba\/?page_id=2947"},"modified":"2021-04-09T07:13:14","modified_gmt":"2021-04-09T07:13:14","slug":"politica-de-privacidad","status":"publish","type":"page","link":"https:\/\/xn--leaallomo-m6a.com\/?page_id=2947","title":{"rendered":"Pol\u00edtica de privacidad"},"content":{"rendered":"<div class=\"wpb-content-wrapper\"><p>[vc_row row_content_width=\u00bbgrid\u00bb center_bck_image=\u00bbno\u00bb use_row_as_full_screen_section=\u00bbno\u00bb type=\u00bbfull_width\u00bb text_align=\u00bbleft\u00bb padding_top=\u00bb62&#8243; pattern_svg_path=\u00bb\u00bb css=\u00bb.vc_custom_1617952049663{padding-top: 40px !important;padding-bottom: 50px !important;}\u00bb][vc_column][vc_column_text]<\/p>\n<h3 style=\"font-size: 22pt;\">Obligaciones del uso<\/h3>\n<p>[\/vc_column_text][vc_empty_space height=\u00bb30px\u00bb][vc_column_text css=\u00bb.vc_custom_1564853535838{margin-top: -15px !important;}\u00bb]Con car\u00e1cter general, el Usuario se obliga al cumplimiento de las presentes condiciones y t\u00e9rminos de uso, y obrar siempre conforme a la ley, a las buenas costumbres y a las exigencias de la buena fe, empleando la diligencia adecuada a la naturaleza del servicio y los productos del que disfruta, y absteni\u00e9ndose de utilizar el presente sitio web de cualquier forma que pueda impedir, da\u00f1ar o deteriorar el normal funcionamiento del mismo, los bienes o derechos del titular (<strong>CAFEVALLE CARBONERA ANDALUZA S.L<\/strong>), del resto de Usuarios o, en general, de cualquier tercero.<\/p>\n<p>En particular, y sin que ello implique restricci\u00f3n alguna a la obligaci\u00f3n asumida por el Usuario con car\u00e1cter general de conformidad con el apartado anterior, el Usuario se obliga, en la utilizaci\u00f3n del presente sitio web a:<\/p>\n<p><i class=\"fa fa-long-arrow-right verde\" aria-hidden=\"true\"><\/i> No introducir, almacenar o difundir en o desde el sitio web, cualquier informaci\u00f3n o material que fuera difamatorio, injurioso, obsceno, amenazador, xen\u00f3fobo, incite a la violencia a la discriminaci\u00f3n por raz\u00f3n de raza, sexo, ideolog\u00eda, religi\u00f3n o que de cualquier forma atente contra la moral, el orden p\u00fablico, los derechos fundamentales, las libertas p\u00fablicas, el honor, la intimidad o la imagen de terceros y, en general, que vulnere la normativa vigente espa\u00f1ola y de su pa\u00eds de residencia.<\/p>\n<p><i class=\"fa fa-long-arrow-right verde\" aria-hidden=\"true\"><\/i> No introducir, almacenar o difundir mediante el sitio web ning\u00fan programa de ordenador, datos, virus, c\u00f3digo, o cualquier otro fichero que sea susceptible de causar da\u00f1os o cualquier tipo de alteraci\u00f3n en el sitio web, en cualquiera de los servicios, o en cualquiera de los equipos, sistemas o redes de <strong>CAFEVALLE CARBONERA ANDALUZA S.L<\/strong>\u00a0de cualquier Usuario, o en general de cualquier tercero, que pueda impedir el normal funcionamiento de los mismos.<\/p>\n<p><i class=\"fa fa-long-arrow-right verde\" aria-hidden=\"true\"><\/i> No destruir, alterar, utilizar para su uso, inutilizar o da\u00f1ar los datos, informaciones, programas, documentos electr\u00f3nicos, o, en general, los ficheros, de <strong>CAFEVALLE CARBONERA ANDALUZA S.L<\/strong>, de los Usuarios o de terceros.<\/p>\n<p><strong>CAFEVALLE CARBONERA ANDALUZA S.L<\/strong> podr\u00e1, en todo momento y sin previo aviso, modificar las presentes Condiciones Generales, as\u00ed como las Condiciones Particulares que, en su caso, se incluyan, mediante la publicaci\u00f3n de dichas modificaciones en el sitio web con el fin de que puedan ser conocidas por los Usuarios.[\/vc_column_text][vc_empty_space height=\u00bb30px\u00bb][vc_column_text]<\/p>\n<h3><span style=\"font-size: 19pt;\">Exoneraci\u00f3n de responsabilidad<\/span><\/h3>\n<p>[\/vc_column_text][vc_empty_space height=\u00bb20px\u00bb][vc_column_text css=\u00bb.vc_custom_1564853554584{margin-top: -15px !important;}\u00bb]<strong>CAFEVALLE CARBONERA ANDALUZA S.L<\/strong><strong>\u00a0<\/strong>no ser\u00e1 responsable:<\/p>\n<p><i class=\"fa fa-long-arrow-right verde\" aria-hidden=\"true\"><\/i> Con car\u00e1cter general, respecto del uso inadecuado de su sitio web. Los usuarios deber\u00e1n realizar un uso adecuado del mismo, de acuerdo con las condiciones y t\u00e9rminos anteriores, sin que ninguna responsabilidad pueda tener el titular por la utilizaci\u00f3n indebida.<\/p>\n<p><i class=\"fa fa-long-arrow-right verde\" aria-hidden=\"true\"><\/i> Respecto de posibles deficiencias t\u00e9cnicas. <strong>CAFEVALLE CARBONERA ANDALUZA S.L<\/strong>\u00a0no ser\u00e1 responsable en ning\u00fan caso de las alteraciones en el servicio que se produzcan por fallos en la red el\u00e9ctrica, en la red de conexi\u00f3n de datos, en el servidor o en cualesquiera prestaciones.<\/p>\n<p><i class=\"fa fa-long-arrow-right verde\" aria-hidden=\"true\"><\/i> Respecto al acceso por terceros a su sistema. <strong>CAFEVALLE CARBONERA ANDALUZA S.L<\/strong>\u00a0adoptar\u00e1 las cautelas t\u00e9cnicas necesarias a fin de proteger los datos e informaci\u00f3n a la que se accede, pero sin que sea responsable de actuaciones de terceros que, vulnerando las medidas de seguridad establecidas, accedan a los citados datos.<\/p>\n<p><i class=\"fa fa-long-arrow-right verde\" aria-hidden=\"true\"><\/i><strong>CAFEVALLE CARBONERA ANDALUZA S.L<\/strong> intenta minimizar el riesgo de virus y software similar, y contenidos no autorizados en sus sistemas de informaci\u00f3n. A pesar de ello, el Usuario es consciente de que debe adoptar sus propias medidas orientadas a minimizar los da\u00f1os ocasionados por software no autorizado, virus, troyanos y cualquier clase del software denominado mal-ware, eximiendo a <strong>CAFEVALLE CARBONERA ANDALUZA S.L<\/strong>\u00a0de toda responsabilidad que pudiese derivarse de la contenci\u00f3n de malware en los tratamientos habilitados en la presente web.[\/vc_column_text][vc_empty_space height=\u00bb30px\u00bb][vc_column_text]<\/p>\n<h3><span style=\"font-size: 19pt;\">Utilization de hiperenlances<\/span><\/h3>\n<p>[\/vc_column_text][vc_empty_space height=\u00bb20px\u00bb][vc_column_text css=\u00bb.vc_custom_1543061465377{margin-top: -15px !important;}\u00bb]El usuario de Internet que quiera introducir enlaces desde sus propias Webs a la P\u00e1gina Web deber\u00e1 cumplir con las condiciones que se detallan a continuaci\u00f3n sin que el desconocimiento de las mismas evite las responsabilidades derivadas de la Ley.<\/p>\n<p>El enlace \u00fanicamente vincular\u00e1 con la home page o p\u00e1gina principal de la p\u00e1gina Web pero no podr\u00e1 reproducirla de ninguna forma (inline links, copia de los textos, gr\u00e1ficos, etc.). Quedar\u00e1 en todo caso prohibido, de acuerdo con la legislaci\u00f3n aplicable y vigente en cada momento, establecer frames o marcos de cualquier tipo que envuelvan a la p\u00e1gina Web o permitan la visualizaci\u00f3n de los contenidos a trav\u00e9s de direcciones de Internet distintas a las de la p\u00e1gina Web y, en cualquier caso, cuando se visualicen conjuntamente con contenidos ajenos a la P\u00e1gina Web de forma que: (I) produzca, o pueda producir, error, confusi\u00f3n o enga\u00f1o en los usuarios sobre la verdadera procedencia del servicio o Contenidos; (II) suponga un acto de comparaci\u00f3n o imitaci\u00f3n desleal; (III) sirva para aprovechar la reputaci\u00f3n de la marca y prestigio de <strong>CAFEVALLE CARBONERA ANDALUZA S.L<\/strong>.; o (IV) de cualquier otra forma resulte prohibido por la legislaci\u00f3n vigente.<\/p>\n<p>No se realizar\u00e1n desde la p\u00e1gina que introduce el enlace ning\u00fan tipo de manifestaci\u00f3n falsa, inexacta o incorrecta sobre <strong>CAFEVALLE CARBONERA ANDALUZA S.L<\/strong>, su direcci\u00f3n, empleados, clientes o sobre la calidad de los servicios que presta.<\/p>\n<p>En ning\u00fan caso, se expresar\u00e1 en la p\u00e1gina donde se ubique el enlace que <strong>CAFEVALLE CARBONERA ANDALUZA S.L<\/strong>\u00a0ha prestado su consentimiento para la inserci\u00f3n del enlace o que de otra forma patrocina, colabora, verifica o supervisa los servicios del remitente.<\/p>\n<p>Est\u00e1 prohibida la utilizaci\u00f3n de cualquier marca denominativa, gr\u00e1fica o mixta o cualquier otro signo distintivo de <strong>CAFEVALLE CARBONERA ANDALUZA S.L <\/strong>dentro de la p\u00e1gina del remitente salvo en los casos permitidos por la ley o expresamente autorizados por <strong>CAFEVALLE CARBONERA ANDALUZA S.L<\/strong>\u00a0y siempre que se permita, en estos casos, un enlace directo con la p\u00e1gina Web en la forma establecida en esta cl\u00e1usula.<\/p>\n<p>La p\u00e1gina que establezca el enlace deber\u00e1 cumplir fielmente con la ley y no podr\u00e1 en ning\u00fan caso disponer o enlazar con contenidos propios o de terceros que: (I) sean il\u00edcitos, nocivos o contrarios a la moral y a las buenas costumbres (pornogr\u00e1ficos, violentos, racistas, etc.); (II) induzcan o puedan inducir en el Usuario la falsa concepci\u00f3n de que <strong>CAFEVALLE CARBONERA ANDALUZA S.L<\/strong> suscribe, respalda, se adhiere o de cualquier manera apoya, las ideas, manifestaciones o expresiones, l\u00edcitas o il\u00edcitas, del remitente; (III) resulten inapropiados o no pertinentes con la actividad de <strong>CAFEVALLE CARBONERA ANDALUZA S.L <\/strong>en atenci\u00f3n al lugar, contenidos y tem\u00e1tica de la p\u00e1gina Web del remitente. Igualmente, el Usuario se abstendr\u00e1 de incluir en la p\u00e1gina Web cualquier hiperenlace (en adelante, \u201clink\u201d) dirigido a una p\u00e1gina Web que contenga informaci\u00f3n o contenidos il\u00edcitos, contrarios a la moral y buenas costumbres generalmente aceptadas, y al orden p\u00fablico.[\/vc_column_text][vc_empty_space height=\u00bb30px\u00bb][vc_column_text]<\/p>\n<h3><span style=\"font-size: 19pt;\">Propiedad intelectual e industrial<\/span><\/h3>\n<p>[\/vc_column_text][vc_empty_space height=\u00bb20px\u00bb][vc_column_text css=\u00bb.vc_custom_1543061481867{margin-top: -15px !important;}\u00bb]La estructura, dise\u00f1o y forma de presentaci\u00f3n de los elementos disponibles en la presente web (gr\u00e1ficos, im\u00e1genes, fotograf\u00edas, muestras y materiales que aparecen en los mismos, tecnolog\u00edas industriales, ficheros, logotipos, combinaciones de colores y cualquier elemento susceptible de protecci\u00f3n) est\u00e1n protegidos por derechos de propiedad intelectual e industrial titularidad de <strong>CAFEVALLE CARBONERA ANDALUZA S.L<\/strong>\u00a0o sobre los que se han obtenido los derechos de uso correspondientes.<\/p>\n<p>Est\u00e1 prohibida la reproducci\u00f3n, transformaci\u00f3n, distribuci\u00f3n, comunicaci\u00f3n p\u00fablica, puesta a disposici\u00f3n del p\u00fablico y, en general, cualquier otra forma de explotaci\u00f3n, parcial o total de los elementos referidos en el apartado anterior. Su publicaci\u00f3n en otras p\u00e1ginas web o en otros medios de comunicaci\u00f3n digitales o escritos requiere el consentimiento expreso del titular de la web, y, en todo caso, deber\u00e1n hacer referencia expl\u00edcita a la titularidad de los citados derechos de propiedad intelectual de <strong>CAFEVALLE CARBONERA ANDALUZA S.L<\/strong>.<\/p>\n<p>No se permite la utilizaci\u00f3n de los signos distintivos (marcas, nombres comerciales), salvo autorizaci\u00f3n expresa de los leg\u00edtimos titulares.<\/p>\n<p>Salvo autorizaci\u00f3n expresa de <strong>CAFEVALLE CARBONERA ANDALUZA S.L<\/strong>, no se permite el enlace a \u201cp\u00e1ginas finales\u201d, el \u201cframe\u201d y cualquier otra manipulaci\u00f3n similar. Los enlaces deben ser siempre a la p\u00e1gina principal o homepage del sitio web.[\/vc_column_text][vc_empty_space height=\u00bb30px\u00bb][vc_column_text]<\/p>\n<h3><span style=\"font-size: 19pt;\">Protecci\u00f3n de datos de car\u00e1cter personal<\/span><\/h3>\n<p>[\/vc_column_text][vc_empty_space height=\u00bb50px\u00bb][vc_column_text css=\u00bb.vc_custom_1617952390352{margin-top: -15px !important;}\u00bb]<\/p>\n<table class=\"tg\">\n<tbody>\n<tr>\n<td style=\"width: 142px;\">Responsable\u00a0del tratamiento<\/td>\n<td style=\"width: 531px;\">\n<div>Calle Progreso 14 (El provenir) 41013 \u2013 Sevilla.<\/div>\n<p>Tel: <a href=\"tel:640 19 28 73\">+34 640 19 28 73<\/a><\/p>\n<p>https:\/\/le\u00f1aallomo.com<\/td>\n<\/tr>\n<tr>\n<td style=\"width: 142px;\">Finalidad del tratamiento<\/td>\n<td style=\"width: 531px;\">Mantener la relaci\u00f3n comercial establecida, as\u00ed como la de mantenerle informado mediante comunicaciones comerciales electr\u00f3nicas sobre nuestros productos.<\/td>\n<\/tr>\n<tr>\n<td style=\"width: 142px;\">Plazo de conservaci\u00f3n<\/td>\n<td style=\"width: 531px;\">Mantener la relaci\u00f3n comercial establecida, as\u00ed como la de mantenerle informado mediante comunicaciones comerciales electr\u00f3nicas sobre nuestros productos.<\/td>\n<\/tr>\n<tr>\n<td style=\"width: 142px;\">Plazo de conservaci\u00f3n<\/td>\n<td style=\"width: 531px;\">Por un lado la informaci\u00f3n contable y fiscal ser\u00e1 MANTENIDA DURANTE LOS PLAZOS requeridos para cumplimiento de obligaciones legales. <a href=\"tel:640 19 28 73\">+34 640 19 28 73<\/a>.\u00a0En relaci\u00f3n con el env\u00edo de publicidad podremos conservar dicha informaci\u00f3n y remitirle publicidad mientras no se oponga a ello.<\/td>\n<\/tr>\n<tr>\n<td style=\"width: 142px;\">Legitimaci\u00f3n<\/td>\n<td style=\"width: 531px;\">Existencia de una relaci\u00f3n contractual, inter\u00e9s leg\u00edtimo y consentimiento, seg\u00fan cada finalidad y posible cesi\u00f3n.<\/td>\n<\/tr>\n<tr>\n<td style=\"width: 142px;\">Destinatarios de los datos (cesiones o transferencias)<\/td>\n<td style=\"width: 531px;\">\u2013 \u00a0Los datos podr\u00e1n ser cedidos a CAFEVALLE CARBONERA ANDALUZA S.L<\/p>\n<p>\u2013 Los datos podr\u00e1n ser cedidos o comunicados, en su caso, a entidades bancarias para la realizaci\u00f3n de cobros o pagos, as\u00ed como a requerimiento de Administraciones P\u00fablicas, Juzgados o Tribunales.<\/p>\n<p>\u2013 Los datos podr\u00e1n ser cedidos a las dem\u00e1s mercantiles del Grupo cuyas actividades se relacionen con el producto adquirido.<\/td>\n<\/tr>\n<tr>\n<td class=\"tg-yw4l\" style=\"width: 142px;\">DPO\/DPD<\/td>\n<td class=\"tg-yw4l\" style=\"width: 531px;\">Puede dirigirse al Delegado de protecci\u00f3n de datos de CAFEVALLE CARBONERA ANDALUZA S.L bien remitiendo un email a la siguiente direcci\u00f3n: <a style=\"font-family: inherit; font-size: inherit;\" href=\"mailto:reservas@lenaallomo.com\">reservas@lenaallomo.com<\/a><br \/>\no llamando por tel\u00e9fono al Tel: <a href=\"tel:640 19 28 73\">+34 640 19 28 73<\/a><\/td>\n<\/tr>\n<tr>\n<td style=\"width: 142px;\">Derechos<\/td>\n<td style=\"width: 531px;\">Ud. podr\u00e1 ejercitar los derechos de Acceso, Rectificaci\u00f3n, Cancelaci\u00f3n, Portabilidad, Supresi\u00f3n o, en su caso, Oposici\u00f3n. Para ejercitar los derechos deber\u00e1 presentar un escrito en la direcci\u00f3n arriba se\u00f1alada.Deber\u00e1 especificar cu\u00e1l de estos derechos solicita sea satisfecho y, a su vez, deber\u00e1 acompa\u00f1arse de la fotocopia del DNI o documento identificativo equivalente. En caso de que actuara mediante representante, legal o voluntario, deber\u00e1 aportar tambi\u00e9n documento que acredite la representaci\u00f3n y documento identificativo del mismo.<\/p>\n<p>Asimismo, podr\u00e1 ejercer su derecho a la protecci\u00f3n de datos personales, interponiendo reclamaci\u00f3n ante la Agencia Espa\u00f1ola de Protecci\u00f3n de Datos (<a href=\"http:\/\/www.agpd.es\/\">www.agpd.es<\/a>).<\/td>\n<\/tr>\n<\/tbody>\n<\/table>\n<p>[\/vc_column_text][vc_empty_space height=\u00bb30px\u00bb][vc_column_text]<\/p>\n<h3><span style=\"font-size: 19pt;\">Derecho<\/span>[\/vc_column_text][vc_empty_space height=\u00bb10px\u00bb][vc_column_text css=\u00bb.vc_custom_1617952202884{margin-top: -15px !important;}\u00bb]<strong>Cumplimiento con la protecci\u00f3n de datos<\/strong><\/h3>\n<p>De conformidad con lo establecido en la normativa vigente en Protecci\u00f3n de Datos de Car\u00e1cter Personal, le informamos que los datos de car\u00e1cter personal que nos ha proporcionado ser\u00e1n incorporados a un fichero cuyo responsable es <strong>CAFEVALLE CARBONERA ANDALUZA S.L.<\/strong>\u00a0(Calle Progreso 14 (El provenir) 41013 \u2013 Sevilla) con la finalidad de tramitar su solicitud de suscripci\u00f3n y poder remitirle peri\u00f3dicamente informaci\u00f3n de su inter\u00e9s, manteni\u00e9ndole informado mediante comunicaciones comerciales electr\u00f3nicas sobre nuestros productos y servicios.<\/p>\n<p>La legitimaci\u00f3n se deriva de la existencia de una relaci\u00f3n contractual, inter\u00e9s leg\u00edtimo y consentimiento, seg\u00fan cada finalidad y posible cesi\u00f3n.<\/p>\n<p>De acuerdo con los derechos que le confiere la normativa vigente en protecci\u00f3n de datos podr\u00e1 ejercer los derechos de Acceso, Rectificaci\u00f3n, Portabilidad, Limitaci\u00f3n de tratamiento, Supresi\u00f3n o, en su caso, Oposici\u00f3n conforme se explica en esta p\u00e1gina.[\/vc_column_text][\/vc_column][\/vc_row]<\/p>\n<\/div>","protected":false},"excerpt":{"rendered":"<p>[vc_row row_content_width=\u00bbgrid\u00bb center_bck_image=\u00bbno\u00bb use_row_as_full_screen_section=\u00bbno\u00bb type=\u00bbfull_width\u00bb text_align=\u00bbleft\u00bb padding_top=\u00bb62&#8243; pattern_svg_path=\u00bb\u00bb css=\u00bb.vc_custom_1617952049663{padding-top: 40px !important;padding-bottom: 50px !important;}\u00bb][vc_column][vc_column_text] Obligaciones del uso [\/vc_column_text][vc_empty_space height=\u00bb30px\u00bb][vc_column_text css=\u00bb.vc_custom_1564853535838{margin-top: -15px !important;}\u00bb]Con car\u00e1cter general, el Usuario se obliga al cumplimiento de las presentes condiciones y t\u00e9rminos de uso, y obrar siempre conforme a la ley, a las buenas costumbres y a las exigencias de la buena fe, empleando la diligencia adecuada [&hellip;]<\/p>\n","protected":false},"author":1,"featured_media":0,"parent":0,"menu_order":0,"comment_status":"closed","ping_status":"closed","template":"full-width.php","meta":{"footnotes":""},"class_list":["post-2947","page","type-page","status-publish","hentry"],"yoast_head":"<!-- This site is optimized with the Yoast SEO plugin v25.3 - https:\/\/yoast.com\/wordpress\/plugins\/seo\/ -->\n<title>Pol\u00edtica de privacidad - Le\u00f1a al Lomo<\/title>\n<meta name=\"robots\" content=\"index, follow, max-snippet:-1, max-image-preview:large, max-video-preview:-1\" \/>\n<link rel=\"canonical\" href=\"https:\/\/xn--leaallomo-m6a.com\/?page_id=2947\" \/>\n<meta property=\"og:locale\" content=\"es_ES\" \/>\n<meta property=\"og:type\" content=\"article\" \/>\n<meta property=\"og:title\" content=\"Pol\u00edtica de privacidad - Le\u00f1a al Lomo\" \/>\n<meta property=\"og:description\" content=\"[vc_row row_content_width=\u00bbgrid\u00bb center_bck_image=\u00bbno\u00bb use_row_as_full_screen_section=\u00bbno\u00bb type=\u00bbfull_width\u00bb text_align=\u00bbleft\u00bb padding_top=\u00bb62&#8243; pattern_svg_path=\u00bb\u00bb css=\u00bb.vc_custom_1617952049663{padding-top: 40px !important;padding-bottom: 50px !important;}\u00bb][vc_column][vc_column_text] Obligaciones del uso [\/vc_column_text][vc_empty_space height=\u00bb30px\u00bb][vc_column_text css=\u00bb.vc_custom_1564853535838{margin-top: -15px !important;}\u00bb]Con car\u00e1cter general, el Usuario se obliga al cumplimiento de las presentes condiciones y t\u00e9rminos de uso, y obrar siempre conforme a la ley, a las buenas costumbres y a las exigencias de la buena fe, empleando la diligencia adecuada [&hellip;]\" \/>\n<meta property=\"og:url\" content=\"https:\/\/xn--leaallomo-m6a.com\/?page_id=2947\" \/>\n<meta property=\"og:site_name\" content=\"Le\u00f1a al Lomo\" \/>\n<meta property=\"article:modified_time\" content=\"2021-04-09T07:13:14+00:00\" \/>\n<meta name=\"twitter:card\" content=\"summary_large_image\" \/>\n<meta name=\"twitter:label1\" content=\"Tiempo de lectura\" \/>\n\t<meta name=\"twitter:data1\" content=\"11 minutos\" \/>\n<script type=\"application\/ld+json\" class=\"yoast-schema-graph\">{\"@context\":\"https:\/\/schema.org\",\"@graph\":[{\"@type\":\"WebPage\",\"@id\":\"https:\/\/xn--leaallomo-m6a.com\/?page_id=2947\",\"url\":\"https:\/\/xn--leaallomo-m6a.com\/?page_id=2947\",\"name\":\"Pol\u00edtica de privacidad - Le\u00f1a al Lomo\",\"isPartOf\":{\"@id\":\"https:\/\/xn--leaallomo-m6a.com\/#website\"},\"datePublished\":\"2021-04-09T07:04:02+00:00\",\"dateModified\":\"2021-04-09T07:13:14+00:00\",\"breadcrumb\":{\"@id\":\"https:\/\/xn--leaallomo-m6a.com\/?page_id=2947#breadcrumb\"},\"inLanguage\":\"es\",\"potentialAction\":[{\"@type\":\"ReadAction\",\"target\":[\"https:\/\/xn--leaallomo-m6a.com\/?page_id=2947\"]}]},{\"@type\":\"BreadcrumbList\",\"@id\":\"https:\/\/xn--leaallomo-m6a.com\/?page_id=2947#breadcrumb\",\"itemListElement\":[{\"@type\":\"ListItem\",\"position\":1,\"name\":\"Portada\",\"item\":\"https:\/\/xn--leaallomo-m6a.com\/\"},{\"@type\":\"ListItem\",\"position\":2,\"name\":\"Pol\u00edtica de privacidad\"}]},{\"@type\":\"WebSite\",\"@id\":\"https:\/\/xn--leaallomo-m6a.com\/#website\",\"url\":\"https:\/\/xn--leaallomo-m6a.com\/\",\"name\":\"Le\u00f1a al Lomo\",\"description\":\"\",\"potentialAction\":[{\"@type\":\"SearchAction\",\"target\":{\"@type\":\"EntryPoint\",\"urlTemplate\":\"https:\/\/xn--leaallomo-m6a.com\/?s={search_term_string}\"},\"query-input\":{\"@type\":\"PropertyValueSpecification\",\"valueRequired\":true,\"valueName\":\"search_term_string\"}}],\"inLanguage\":\"es\"}]}<\/script>\n<!-- \/ Yoast SEO plugin. -->","yoast_head_json":{"title":"Pol\u00edtica de privacidad - Le\u00f1a al Lomo","robots":{"index":"index","follow":"follow","max-snippet":"max-snippet:-1","max-image-preview":"max-image-preview:large","max-video-preview":"max-video-preview:-1"},"canonical":"https:\/\/xn--leaallomo-m6a.com\/?page_id=2947","og_locale":"es_ES","og_type":"article","og_title":"Pol\u00edtica de privacidad - Le\u00f1a al Lomo","og_description":"[vc_row row_content_width=\u00bbgrid\u00bb center_bck_image=\u00bbno\u00bb use_row_as_full_screen_section=\u00bbno\u00bb type=\u00bbfull_width\u00bb text_align=\u00bbleft\u00bb padding_top=\u00bb62&#8243; pattern_svg_path=\u00bb\u00bb css=\u00bb.vc_custom_1617952049663{padding-top: 40px !important;padding-bottom: 50px !important;}\u00bb][vc_column][vc_column_text] Obligaciones del uso [\/vc_column_text][vc_empty_space height=\u00bb30px\u00bb][vc_column_text css=\u00bb.vc_custom_1564853535838{margin-top: -15px !important;}\u00bb]Con car\u00e1cter general, el Usuario se obliga al cumplimiento de las presentes condiciones y t\u00e9rminos de uso, y obrar siempre conforme a la ley, a las buenas costumbres y a las exigencias de la buena fe, empleando la diligencia adecuada [&hellip;]","og_url":"https:\/\/xn--leaallomo-m6a.com\/?page_id=2947","og_site_name":"Le\u00f1a al Lomo","article_modified_time":"2021-04-09T07:13:14+00:00","twitter_card":"summary_large_image","twitter_misc":{"Tiempo de lectura":"11 minutos"},"schema":{"@context":"https:\/\/schema.org","@graph":[{"@type":"WebPage","@id":"https:\/\/xn--leaallomo-m6a.com\/?page_id=2947","url":"https:\/\/xn--leaallomo-m6a.com\/?page_id=2947","name":"Pol\u00edtica de privacidad - Le\u00f1a al Lomo","isPartOf":{"@id":"https:\/\/xn--leaallomo-m6a.com\/#website"},"datePublished":"2021-04-09T07:04:02+00:00","dateModified":"2021-04-09T07:13:14+00:00","breadcrumb":{"@id":"https:\/\/xn--leaallomo-m6a.com\/?page_id=2947#breadcrumb"},"inLanguage":"es","potentialAction":[{"@type":"ReadAction","target":["https:\/\/xn--leaallomo-m6a.com\/?page_id=2947"]}]},{"@type":"BreadcrumbList","@id":"https:\/\/xn--leaallomo-m6a.com\/?page_id=2947#breadcrumb","itemListElement":[{"@type":"ListItem","position":1,"name":"Portada","item":"https:\/\/xn--leaallomo-m6a.com\/"},{"@type":"ListItem","position":2,"name":"Pol\u00edtica de privacidad"}]},{"@type":"WebSite","@id":"https:\/\/xn--leaallomo-m6a.com\/#website","url":"https:\/\/xn--leaallomo-m6a.com\/","name":"Le\u00f1a al Lomo","description":"","potentialAction":[{"@type":"SearchAction","target":{"@type":"EntryPoint","urlTemplate":"https:\/\/xn--leaallomo-m6a.com\/?s={search_term_string}"},"query-input":{"@type":"PropertyValueSpecification","valueRequired":true,"valueName":"search_term_string"}}],"inLanguage":"es"}]}},"_links":{"self":[{"href":"https:\/\/xn--leaallomo-m6a.com\/index.php?rest_route=\/wp\/v2\/pages\/2947","targetHints":{"allow":["GET"]}}],"collection":[{"href":"https:\/\/xn--leaallomo-m6a.com\/index.php?rest_route=\/wp\/v2\/pages"}],"about":[{"href":"https:\/\/xn--leaallomo-m6a.com\/index.php?rest_route=\/wp\/v2\/types\/page"}],"author":[{"embeddable":true,"href":"https:\/\/xn--leaallomo-m6a.com\/index.php?rest_route=\/wp\/v2\/users\/1"}],"replies":[{"embeddable":true,"href":"https:\/\/xn--leaallomo-m6a.com\/index.php?rest_route=%2Fwp%2Fv2%2Fcomments&post=2947"}],"version-history":[{"count":9,"href":"https:\/\/xn--leaallomo-m6a.com\/index.php?rest_route=\/wp\/v2\/pages\/2947\/revisions"}],"predecessor-version":[{"id":2961,"href":"https:\/\/xn--leaallomo-m6a.com\/index.php?rest_route=\/wp\/v2\/pages\/2947\/revisions\/2961"}],"wp:attachment":[{"href":"https:\/\/xn--leaallomo-m6a.com\/index.php?rest_route=%2Fwp%2Fv2%2Fmedia&parent=2947"}],"curies":[{"name":"wp","href":"https:\/\/api.w.org\/{rel}","templated":true}]}}