{"id":2687,"date":"2021-04-08T10:50:42","date_gmt":"2021-04-08T10:50:42","guid":{"rendered":"https:\/\/xn--leaallomo-m6a.com\/prueba\/?page_id=2687"},"modified":"2026-03-25T15:43:39","modified_gmt":"2026-03-25T15:43:39","slug":"contacto","status":"publish","type":"page","link":"https:\/\/xn--leaallomo-m6a.com\/?page_id=2687","title":{"rendered":"Contacto"},"content":{"rendered":"<div class=\"wpb-content-wrapper\"><p>[vc_row][vc_column offset=\u00bbvc_hidden-lg vc_hidden-md vc_hidden-sm\u00bb][vc_empty_space height=\u00bb82px\u00bb][\/vc_column][\/vc_row][vc_row css=\u00bb.vc_custom_1617881082083{padding-top: 80px !important;}\u00bb pattern_svg_path=\u00bb\u00bb][vc_column width=\u00bb1\/4&#8243;][\/vc_column][vc_column width=\u00bb1\/2&#8243;]<div class=\"eltdf-section-title-holder    eltdf-st-decor-animation\" style=\"text-align: center\">\n\t<div class=\"eltdf-st-inner\">\n                    <span class=\"eltdf-st-tagline\">\n                Le\u00f1a al Lomo            <\/span>\n        \t\t            <div class=\"eltdf-st-title-holder\">\n                                    <div class=\"decor\"><svg xmlns=\"http:\/\/www.w3.org\/2000\/svg\" width=\"41.125\" height=\"9.146\">\n                            <path fill=\"none\" stroke=\"#9C7C57\" stroke-miterlimit=\"10\" d=\"M40.881 8.576L20.562.591.244 8.576\"\/>\n                            <path fill=\"none\" stroke=\"#9C7C57\" stroke-miterlimit=\"10\" d=\"M40.881.591L20.562 8.576.243.591\"\/>\n                        <\/svg><\/div>\n                                <h2 class=\"eltdf-st-title\" >\n                    \u00bfHablamos?                <\/h2>\n                                    <div class=\"decor\"><svg xmlns=\"http:\/\/www.w3.org\/2000\/svg\" width=\"41.125\" height=\"9.146\">\n                            <path fill=\"none\" stroke=\"#9C7C57\" stroke-miterlimit=\"10\" d=\"M40.881 8.576L20.562.591.244 8.576\"\/>\n                            <path fill=\"none\" stroke=\"#9C7C57\" stroke-miterlimit=\"10\" d=\"M40.881.591L20.562 8.576.243.591\"\/>\n                        <\/svg><\/div>\n                            <\/div>\n\t\t\t\t\t\t\t<p class=\"eltdf-st-text\" >\n\t\t\t\tPara cualquier reserva, duda o si quieres saber m\u00e1s informaci\u00f3n acerca de nuestros servicios, no dudes en ponerte en contacto con nosotros.\n\u00a1Estaremos encantados de atenderte!\t\t\t<\/p>\n\t\t\t\t\t<\/div>\n<\/div>[\/vc_column][vc_column width=\u00bb1\/4&#8243;][\/vc_column][\/vc_row][vc_row row_content_width=\u00bbgrid\u00bb pattern_svg_path=\u00bb\u00bb css=\u00bb.vc_custom_1617883902218{padding-top: 40px !important;padding-bottom: 65px !important;}\u00bb][vc_column width=\u00bb1\/3&#8243;][vc_column_text]<\/p>\n<p style=\"text-align: center;\"><i class=\"fa fa-map-marker oro\" aria-hidden=\"true\"><\/i> <a style=\"line-height: 46px;\" href=\"https:\/\/goo.gl\/maps\/drm5Ah6NDvwrws6eA\" target=\"_blank\" rel=\"noopener noreferrer\">Calle Progreso, n\u00ba14, 41013 Sevilla<\/a><\/p>\n<p>[\/vc_column_text][vc_column_text css=\u00bb\u00bb]<\/p>\n<p style=\"text-align: center;\"><i class=\"fa fa-map-marker oro\" aria-hidden=\"true\"><\/i><a href=\"https:\/\/maps.app.goo.gl\/PYeD1NgNLbaD126J6\">Calle L\u00f3pez de Arenas, 4, 41001 Sevilla<\/a><\/p>\n<p>[\/vc_column_text][\/vc_column][vc_column width=\u00bb1\/3&#8243;][vc_column_text]<\/p>\n<p style=\"text-align: center;\"><i class=\"fa fa-envelope-open oro\" aria-hidden=\"true\"><\/i> <a style=\"line-height: 46px;\" href=\"tel:640 19 28 73\"> +34 640 19 28 73<\/a><\/p>\n<p>[\/vc_column_text][vc_column_text css=\u00bb\u00bb]<\/p>\n<p style=\"text-align: center;\"><i class=\"fa fa-envelope-open oro\" aria-hidden=\"true\"><\/i> <a style=\"line-height: 46px;\" href=\"tel:666975237\">+34 666 97 52 37<\/a><\/p>\n<p>[\/vc_column_text][\/vc_column][vc_column width=\u00bb1\/3&#8243;][vc_column_text]<\/p>\n<p style=\"text-align: center;\"><i class=\"fa fa-phone oro\" aria-hidden=\"true\"><\/i> <a style=\"line-height: 46px;\" href=\"mailto:reservaslenaallomo@grupolena.es\">reservaslenaallomo@grupolena.es<\/a><\/p>\n<p>[\/vc_column_text][vc_column_text css=\u00bb\u00bb]<\/p>\n<p style=\"text-align: center;\"><i class=\"fa fa-phone oro\" aria-hidden=\"true\"><\/i> <a href=\"mailto:reservaslenaallomocentro@gmail.com\">reservaslenaallomocentro@gmail.com<\/a><\/p>\n<p>[\/vc_column_text][\/vc_column][\/vc_row][vc_row row_content_width=\u00bbgrid\u00bb pattern_svg_path=\u00bb\u00bb][vc_column][vc_separator color=\u00bbcustom\u00bb style=\u00bbdashed\u00bb accent_color=\u00bb#c9ab81&#8243;][\/vc_column][\/vc_row][vc_row css=\u00bb.vc_custom_1617883916239{padding-top: 85px !important;padding-bottom: 40px !important;}\u00bb pattern_svg_path=\u00bb\u00bb][vc_column width=\u00bb1\/4&#8243;][\/vc_column][vc_column width=\u00bb1\/2&#8243;]<div class=\"eltdf-section-title-holder    eltdf-st-decor-animation\" style=\"text-align: center\">\n\t<div class=\"eltdf-st-inner\">\n                    <span class=\"eltdf-st-tagline\">\n                Env\u00edanos tu consulta            <\/span>\n        \t\t            <div class=\"eltdf-st-title-holder\">\n                                    <div class=\"decor\"><svg xmlns=\"http:\/\/www.w3.org\/2000\/svg\" width=\"41.125\" height=\"9.146\">\n                            <path fill=\"none\" stroke=\"#9C7C57\" stroke-miterlimit=\"10\" d=\"M40.881 8.576L20.562.591.244 8.576\"\/>\n                            <path fill=\"none\" stroke=\"#9C7C57\" stroke-miterlimit=\"10\" d=\"M40.881.591L20.562 8.576.243.591\"\/>\n                        <\/svg><\/div>\n                                <h2 class=\"eltdf-st-title\" >\n                    Formulario de contacto                <\/h2>\n                                    <div class=\"decor\"><svg xmlns=\"http:\/\/www.w3.org\/2000\/svg\" width=\"41.125\" height=\"9.146\">\n                            <path fill=\"none\" stroke=\"#9C7C57\" stroke-miterlimit=\"10\" d=\"M40.881 8.576L20.562.591.244 8.576\"\/>\n                            <path fill=\"none\" stroke=\"#9C7C57\" stroke-miterlimit=\"10\" d=\"M40.881.591L20.562 8.576.243.591\"\/>\n                        <\/svg><\/div>\n                            <\/div>\n\t\t\t\t\t\t\t<p class=\"eltdf-st-text\" >\n\t\t\t\tRellena este formulario para dejar cualquier tipo de consulta o sugerencia. Gracias por confiar en Le\u00f1a al Lomo.\t\t\t<\/p>\n\t\t\t\t\t<\/div>\n<\/div>[\/vc_column][vc_column width=\u00bb1\/4&#8243;][\/vc_column][\/vc_row][vc_row css=\u00bb.vc_custom_1634660254255{padding-top: 10px !important;padding-bottom: 80px !important;}\u00bb pattern_svg_path=\u00bb\u00bb][vc_column width=\u00bb1\/4&#8243;][\/vc_column][vc_column width=\u00bb1\/2&#8243;]\n<div class=\"wpcf7 no-js\" id=\"wpcf7-f812-o1\" lang=\"en-US\" dir=\"ltr\" data-wpcf7-id=\"812\">\n<div class=\"screen-reader-response\"><p role=\"status\" aria-live=\"polite\" aria-atomic=\"true\"><\/p> <ul><\/ul><\/div>\n<form action=\"\/index.php?rest_route=%2Fwp%2Fv2%2Fpages%2F2687#wpcf7-f812-o1\" method=\"post\" class=\"wpcf7-form init cf7_custom_style_2\" aria-label=\"Contact form\" novalidate=\"novalidate\" data-status=\"init\">\n<div style=\"display: none;\">\n<input type=\"hidden\" name=\"_wpcf7\" value=\"812\" \/>\n<input type=\"hidden\" name=\"_wpcf7_version\" value=\"6.0.6\" \/>\n<input type=\"hidden\" name=\"_wpcf7_locale\" value=\"en_US\" \/>\n<input type=\"hidden\" name=\"_wpcf7_unit_tag\" value=\"wpcf7-f812-o1\" \/>\n<input type=\"hidden\" name=\"_wpcf7_container_post\" value=\"0\" \/>\n<input type=\"hidden\" name=\"_wpcf7_posted_data_hash\" value=\"\" \/>\n<\/div>\n<div class=\"qodef-cf7-contact\">\n\t<p><span class=\"wpcf7-form-control-wrap\" data-name=\"your-name\"><input size=\"40\" maxlength=\"400\" class=\"wpcf7-form-control wpcf7-text wpcf7-validates-as-required\" aria-required=\"true\" aria-invalid=\"false\" placeholder=\"Nombre\" value=\"\" type=\"text\" name=\"your-name\" \/><\/span><br \/>\n<span class=\"wpcf7-form-control-wrap\" data-name=\"your-email\"><input size=\"40\" maxlength=\"400\" class=\"wpcf7-form-control wpcf7-email wpcf7-validates-as-required wpcf7-text wpcf7-validates-as-email\" aria-required=\"true\" aria-invalid=\"false\" placeholder=\"Correo electr\u00f3nico\" value=\"\" type=\"email\" name=\"your-email\" \/><\/span><br \/>\n<span class=\"wpcf7-form-control-wrap\" data-name=\"your-tel\"><input size=\"40\" maxlength=\"400\" class=\"wpcf7-form-control wpcf7-tel wpcf7-validates-as-required wpcf7-text wpcf7-validates-as-tel\" aria-required=\"true\" aria-invalid=\"false\" placeholder=\"Tel\u00e9fono\" value=\"\" type=\"tel\" name=\"your-tel\" \/><\/span><br \/>\n<span class=\"wpcf7-form-control-wrap\" data-name=\"your-message\"><textarea cols=\"40\" rows=\"10\" maxlength=\"2000\" class=\"wpcf7-form-control wpcf7-textarea\" aria-invalid=\"false\" name=\"your-message\">Mensaje<\/textarea><\/span>\n\t<\/p>\n\t<div class=\"col-md-12\">\n\t\t<p><b style=\"font-family: Helvetica; font-size: 12px;\">Cumplimiento con la protecci\u00f3n de datos.-<\/b><br \/>\n<span style=\"font-family: Helvetica; font-size: 10px;\">Sus datos ser\u00e1n tratados por LLOPIS SERVICIOS AMBIENTALES S.L. con la finalidad exclusiva de dar respuesta a su consulta o petici\u00f3n. No ser\u00e1n cedidos a ning\u00fan tercero. Nuestro plazo de conservaci\u00f3n, si usted no es cliente, es de 1 a\u00f1o. Puede ejercitar sus derechos de acceso, rectificaci\u00f3n, oposici\u00f3n, supresi\u00f3n, portabilidad, limitaci\u00f3n y a nos ser objeto de decisiones automatizadas en nuestro correo info@llopisservicios.com, donde le atender\u00e1 nuestro DPD. Puede ampliar nuestra informaci\u00f3n sobre el tratamiento de datos en el enlace a la Pol\u00edtica de privacidad.<\/span>\n\t\t<\/p>\n\t<\/div>\n\t<div style=\"margin-bottom: 20px !important;\">\n\t<\/div>\n\t<div style=\"display: inherit;width: 100%; margin-top: 30px;\">\n\t\t<p><span class=\"wpcf7-form-control-wrap\" data-name=\"acceptance-876\"><span class=\"wpcf7-form-control wpcf7-acceptance optional\"><span class=\"wpcf7-list-item\"><input type=\"checkbox\" name=\"acceptance-876\" value=\"1\" aria-invalid=\"false\" \/><\/span><\/span><\/span> He le\u00eddo las condiciones del <a style=\"padding-left: 5px;\" target=\"_blank\" href=\"\/aviso-legal\/\"> aviso legal<\/a><span style=\"padding-left: 5px;\"> y <\/span><a style=\"padding-left: 5px;\" target=\"_blank\" href=\"\/politica-de-privacidad\/\"> pol\u00edtica de privacidad<\/a>\n\t\t<\/p>\n\t<\/div>\n\t<div style=\"margin-top: 15px !important;\">\n\t<\/div>\n\t<div id=\"cf7sr-69f36114f1ff0\" class=\"cf7sr-g-recaptcha\" data-theme=\"light\" data-type=\"image\" data-size=\"normal\" data-sitekey=\"6Lf9Et4cAAAAAD5oC8pt67xvDoC_eli7WJqIkidB\"><\/div><span class=\"wpcf7-form-control-wrap cf7sr-recaptcha\" data-name=\"cf7sr-recaptcha\"><input type=\"hidden\" name=\"cf7sr-recaptcha\" value=\"\" class=\"wpcf7-form-control\"><\/span>\n\t<\/p>\n\t<div style=\"margin-top: 15px !important;\">\n\t<\/div>\n\t<div class=\"qodef-cf7-contact-btn-holder\">\n\t\t<p><button class=\"wpcf7-form-control wpcf7-submit eltdf-btn eltdf-btn-medium eltdf-btn-outline\" type=\"submit\"><span class=\"eltdf-btn-text\">ENVIAR<\/span><\/button>\n\t\t<\/p>\n\t<\/div>\n<\/div><div class=\"wpcf7-response-output\" aria-hidden=\"true\"><\/div>\n<\/form>\n<\/div>\n[\/vc_column][vc_column width=\u00bb1\/4&#8243;][\/vc_column][\/vc_row][vc_row row_content_width=\u00bbgrid\u00bb content_text_aligment=\u00bbcenter\u00bb css=\u00bb.vc_custom_1617895023861{padding-top: 18.7% !important;padding-bottom: 18.7% !important;}\u00bb parallax_background_image=\u00bb2835&#8243; pattern_svg_path=\u00bb\u00bb][vc_column][\/vc_column][\/vc_row][vc_row css=\u00bb.vc_custom_1617876970420{padding-top: 107px !important;padding-bottom: 85px !important;}\u00bb pattern_svg_path=\u00bb\u00bb][vc_column]<div class=\"eltdf-elements-holder   eltdf-one-column  eltdf-responsive-mode-768  \" ><div class=\"eltdf-eh-item    \"  data-item-class=\"eltdf-eh-custom-4802\" data-1400-1600=\"0 9.7%\" data-1025-1399=\"0 11.5%\" data-769-1024=\"0 10%\" data-681-768=\"0 8%\" data-680=\"0 3.5%\">\n\t<div class=\"eltdf-eh-item-inner\">\n\t\t<div class=\"eltdf-eh-item-content eltdf-eh-custom-4802\" style=\"padding: 0 14%\">\n\t\t\t<div class=\"eltdf-testimonials-holder clearfix eltdf-testimonials-standard \">\n    <div class=\"eltdf-testimonials-mark\"><\/div>\n    <div class=\"eltdf-testimonials eltdf-owl-slider\" data-number-of-items=\"1\" data-enable-loop=\"yes\" data-enable-autoplay=\"yes\" data-slider-speed=\"5000\" data-slider-speed-animation=\"600\" data-enable-navigation=\"yes\" data-enable-pagination=\"yes\" >\n\n    Sorry, no posts matched your criteria.\n    <\/div>\n<\/div>\t\t<\/div>\n\t<\/div>\n<\/div><\/div>[\/vc_column][\/vc_row]<\/p>\n<\/div>","protected":false},"excerpt":{"rendered":"<p>[vc_row][vc_column offset=\u00bbvc_hidden-lg vc_hidden-md vc_hidden-sm\u00bb][vc_empty_space height=\u00bb82px\u00bb][\/vc_column][\/vc_row][vc_row css=\u00bb.vc_custom_1617881082083{padding-top: 80px !important;}\u00bb pattern_svg_path=\u00bb\u00bb][vc_column width=\u00bb1\/4&#8243;][\/vc_column][vc_column width=\u00bb1\/2&#8243;][\/vc_column][vc_column width=\u00bb1\/4&#8243;][\/vc_column][\/vc_row][vc_row row_content_width=\u00bbgrid\u00bb pattern_svg_path=\u00bb\u00bb css=\u00bb.vc_custom_1617883902218{padding-top: 40px !important;padding-bottom: 65px !important;}\u00bb][vc_column width=\u00bb1\/3&#8243;][vc_column_text] Calle Progreso, n\u00ba14, 41013 Sevilla [\/vc_column_text][vc_column_text css=\u00bb\u00bb] Calle L\u00f3pez de Arenas, 4, 41001 Sevilla [\/vc_column_text][\/vc_column][vc_column width=\u00bb1\/3&#8243;][vc_column_text] +34 640 19 28 73 [\/vc_column_text][vc_column_text css=\u00bb\u00bb] +34 666 97 52 37 [\/vc_column_text][\/vc_column][vc_column width=\u00bb1\/3&#8243;][vc_column_text] reservaslenaallomo@grupolena.es [\/vc_column_text][vc_column_text css=\u00bb\u00bb] reservaslenaallomocentro@gmail.com [\/vc_column_text][\/vc_column][\/vc_row][vc_row row_content_width=\u00bbgrid\u00bb pattern_svg_path=\u00bb\u00bb][vc_column][vc_separator color=\u00bbcustom\u00bb style=\u00bbdashed\u00bb accent_color=\u00bb#c9ab81&#8243;][\/vc_column][\/vc_row][vc_row [&hellip;]<\/p>\n","protected":false},"author":1,"featured_media":0,"parent":0,"menu_order":0,"comment_status":"closed","ping_status":"closed","template":"full-width.php","meta":{"footnotes":""},"class_list":["post-2687","page","type-page","status-publish","hentry"],"yoast_head":"<!-- This site is optimized with the Yoast SEO plugin v25.3 - https:\/\/yoast.com\/wordpress\/plugins\/seo\/ -->\n<title>Contacto - Le\u00f1a al Lomo<\/title>\n<meta name=\"robots\" content=\"index, follow, max-snippet:-1, max-image-preview:large, max-video-preview:-1\" \/>\n<link rel=\"canonical\" href=\"https:\/\/xn--leaallomo-m6a.com\/?page_id=2687\" \/>\n<meta property=\"og:locale\" content=\"es_ES\" \/>\n<meta property=\"og:type\" content=\"article\" \/>\n<meta property=\"og:title\" content=\"Contacto - Le\u00f1a al Lomo\" \/>\n<meta property=\"og:description\" content=\"[vc_row][vc_column offset=\u00bbvc_hidden-lg vc_hidden-md vc_hidden-sm\u00bb][vc_empty_space height=\u00bb82px\u00bb][\/vc_column][\/vc_row][vc_row css=\u00bb.vc_custom_1617881082083{padding-top: 80px !important;}\u00bb pattern_svg_path=\u00bb\u00bb][vc_column width=\u00bb1\/4&#8243;][\/vc_column][vc_column width=\u00bb1\/2&#8243;][\/vc_column][vc_column width=\u00bb1\/4&#8243;][\/vc_column][\/vc_row][vc_row row_content_width=\u00bbgrid\u00bb pattern_svg_path=\u00bb\u00bb css=\u00bb.vc_custom_1617883902218{padding-top: 40px !important;padding-bottom: 65px !important;}\u00bb][vc_column width=\u00bb1\/3&#8243;][vc_column_text] Calle Progreso, n\u00ba14, 41013 Sevilla [\/vc_column_text][vc_column_text css=\u00bb\u00bb] Calle L\u00f3pez de Arenas, 4, 41001 Sevilla [\/vc_column_text][\/vc_column][vc_column width=\u00bb1\/3&#8243;][vc_column_text] +34 640 19 28 73 [\/vc_column_text][vc_column_text css=\u00bb\u00bb] +34 666 97 52 37 [\/vc_column_text][\/vc_column][vc_column width=\u00bb1\/3&#8243;][vc_column_text] reservaslenaallomo@grupolena.es [\/vc_column_text][vc_column_text css=\u00bb\u00bb] reservaslenaallomocentro@gmail.com [\/vc_column_text][\/vc_column][\/vc_row][vc_row row_content_width=\u00bbgrid\u00bb pattern_svg_path=\u00bb\u00bb][vc_column][vc_separator color=\u00bbcustom\u00bb style=\u00bbdashed\u00bb accent_color=\u00bb#c9ab81&#8243;][\/vc_column][\/vc_row][vc_row [&hellip;]\" \/>\n<meta property=\"og:url\" content=\"https:\/\/xn--leaallomo-m6a.com\/?page_id=2687\" \/>\n<meta property=\"og:site_name\" content=\"Le\u00f1a al Lomo\" \/>\n<meta property=\"article:modified_time\" content=\"2026-03-25T15:43:39+00:00\" \/>\n<meta name=\"twitter:card\" content=\"summary_large_image\" \/>\n<meta name=\"twitter:label1\" content=\"Tiempo de lectura\" \/>\n\t<meta name=\"twitter:data1\" content=\"2 minutos\" \/>\n<script type=\"application\/ld+json\" class=\"yoast-schema-graph\">{\"@context\":\"https:\/\/schema.org\",\"@graph\":[{\"@type\":\"WebPage\",\"@id\":\"https:\/\/xn--leaallomo-m6a.com\/?page_id=2687\",\"url\":\"https:\/\/xn--leaallomo-m6a.com\/?page_id=2687\",\"name\":\"Contacto - Le\u00f1a al Lomo\",\"isPartOf\":{\"@id\":\"https:\/\/xn--leaallomo-m6a.com\/#website\"},\"datePublished\":\"2021-04-08T10:50:42+00:00\",\"dateModified\":\"2026-03-25T15:43:39+00:00\",\"breadcrumb\":{\"@id\":\"https:\/\/xn--leaallomo-m6a.com\/?page_id=2687#breadcrumb\"},\"inLanguage\":\"es\",\"potentialAction\":[{\"@type\":\"ReadAction\",\"target\":[\"https:\/\/xn--leaallomo-m6a.com\/?page_id=2687\"]}]},{\"@type\":\"BreadcrumbList\",\"@id\":\"https:\/\/xn--leaallomo-m6a.com\/?page_id=2687#breadcrumb\",\"itemListElement\":[{\"@type\":\"ListItem\",\"position\":1,\"name\":\"Portada\",\"item\":\"https:\/\/xn--leaallomo-m6a.com\/\"},{\"@type\":\"ListItem\",\"position\":2,\"name\":\"Contacto\"}]},{\"@type\":\"WebSite\",\"@id\":\"https:\/\/xn--leaallomo-m6a.com\/#website\",\"url\":\"https:\/\/xn--leaallomo-m6a.com\/\",\"name\":\"Le\u00f1a al Lomo\",\"description\":\"\",\"potentialAction\":[{\"@type\":\"SearchAction\",\"target\":{\"@type\":\"EntryPoint\",\"urlTemplate\":\"https:\/\/xn--leaallomo-m6a.com\/?s={search_term_string}\"},\"query-input\":{\"@type\":\"PropertyValueSpecification\",\"valueRequired\":true,\"valueName\":\"search_term_string\"}}],\"inLanguage\":\"es\"}]}<\/script>\n<!-- \/ Yoast SEO plugin. -->","yoast_head_json":{"title":"Contacto - Le\u00f1a al Lomo","robots":{"index":"index","follow":"follow","max-snippet":"max-snippet:-1","max-image-preview":"max-image-preview:large","max-video-preview":"max-video-preview:-1"},"canonical":"https:\/\/xn--leaallomo-m6a.com\/?page_id=2687","og_locale":"es_ES","og_type":"article","og_title":"Contacto - Le\u00f1a al Lomo","og_description":"[vc_row][vc_column offset=\u00bbvc_hidden-lg vc_hidden-md vc_hidden-sm\u00bb][vc_empty_space height=\u00bb82px\u00bb][\/vc_column][\/vc_row][vc_row css=\u00bb.vc_custom_1617881082083{padding-top: 80px !important;}\u00bb pattern_svg_path=\u00bb\u00bb][vc_column width=\u00bb1\/4&#8243;][\/vc_column][vc_column width=\u00bb1\/2&#8243;][\/vc_column][vc_column width=\u00bb1\/4&#8243;][\/vc_column][\/vc_row][vc_row row_content_width=\u00bbgrid\u00bb pattern_svg_path=\u00bb\u00bb css=\u00bb.vc_custom_1617883902218{padding-top: 40px !important;padding-bottom: 65px !important;}\u00bb][vc_column width=\u00bb1\/3&#8243;][vc_column_text] Calle Progreso, n\u00ba14, 41013 Sevilla [\/vc_column_text][vc_column_text css=\u00bb\u00bb] Calle L\u00f3pez de Arenas, 4, 41001 Sevilla [\/vc_column_text][\/vc_column][vc_column width=\u00bb1\/3&#8243;][vc_column_text] +34 640 19 28 73 [\/vc_column_text][vc_column_text css=\u00bb\u00bb] +34 666 97 52 37 [\/vc_column_text][\/vc_column][vc_column width=\u00bb1\/3&#8243;][vc_column_text] reservaslenaallomo@grupolena.es [\/vc_column_text][vc_column_text css=\u00bb\u00bb] reservaslenaallomocentro@gmail.com [\/vc_column_text][\/vc_column][\/vc_row][vc_row row_content_width=\u00bbgrid\u00bb pattern_svg_path=\u00bb\u00bb][vc_column][vc_separator color=\u00bbcustom\u00bb style=\u00bbdashed\u00bb accent_color=\u00bb#c9ab81&#8243;][\/vc_column][\/vc_row][vc_row [&hellip;]","og_url":"https:\/\/xn--leaallomo-m6a.com\/?page_id=2687","og_site_name":"Le\u00f1a al Lomo","article_modified_time":"2026-03-25T15:43:39+00:00","twitter_card":"summary_large_image","twitter_misc":{"Tiempo de lectura":"2 minutos"},"schema":{"@context":"https:\/\/schema.org","@graph":[{"@type":"WebPage","@id":"https:\/\/xn--leaallomo-m6a.com\/?page_id=2687","url":"https:\/\/xn--leaallomo-m6a.com\/?page_id=2687","name":"Contacto - Le\u00f1a al Lomo","isPartOf":{"@id":"https:\/\/xn--leaallomo-m6a.com\/#website"},"datePublished":"2021-04-08T10:50:42+00:00","dateModified":"2026-03-25T15:43:39+00:00","breadcrumb":{"@id":"https:\/\/xn--leaallomo-m6a.com\/?page_id=2687#breadcrumb"},"inLanguage":"es","potentialAction":[{"@type":"ReadAction","target":["https:\/\/xn--leaallomo-m6a.com\/?page_id=2687"]}]},{"@type":"BreadcrumbList","@id":"https:\/\/xn--leaallomo-m6a.com\/?page_id=2687#breadcrumb","itemListElement":[{"@type":"ListItem","position":1,"name":"Portada","item":"https:\/\/xn--leaallomo-m6a.com\/"},{"@type":"ListItem","position":2,"name":"Contacto"}]},{"@type":"WebSite","@id":"https:\/\/xn--leaallomo-m6a.com\/#website","url":"https:\/\/xn--leaallomo-m6a.com\/","name":"Le\u00f1a al Lomo","description":"","potentialAction":[{"@type":"SearchAction","target":{"@type":"EntryPoint","urlTemplate":"https:\/\/xn--leaallomo-m6a.com\/?s={search_term_string}"},"query-input":{"@type":"PropertyValueSpecification","valueRequired":true,"valueName":"search_term_string"}}],"inLanguage":"es"}]}},"_links":{"self":[{"href":"https:\/\/xn--leaallomo-m6a.com\/index.php?rest_route=\/wp\/v2\/pages\/2687","targetHints":{"allow":["GET"]}}],"collection":[{"href":"https:\/\/xn--leaallomo-m6a.com\/index.php?rest_route=\/wp\/v2\/pages"}],"about":[{"href":"https:\/\/xn--leaallomo-m6a.com\/index.php?rest_route=\/wp\/v2\/types\/page"}],"author":[{"embeddable":true,"href":"https:\/\/xn--leaallomo-m6a.com\/index.php?rest_route=\/wp\/v2\/users\/1"}],"replies":[{"embeddable":true,"href":"https:\/\/xn--leaallomo-m6a.com\/index.php?rest_route=%2Fwp%2Fv2%2Fcomments&post=2687"}],"version-history":[{"count":40,"href":"https:\/\/xn--leaallomo-m6a.com\/index.php?rest_route=\/wp\/v2\/pages\/2687\/revisions"}],"predecessor-version":[{"id":3454,"href":"https:\/\/xn--leaallomo-m6a.com\/index.php?rest_route=\/wp\/v2\/pages\/2687\/revisions\/3454"}],"wp:attachment":[{"href":"https:\/\/xn--leaallomo-m6a.com\/index.php?rest_route=%2Fwp%2Fv2%2Fmedia&parent=2687"}],"curies":[{"name":"wp","href":"https:\/\/api.w.org\/{rel}","templated":true}]}}